{"id":1025,"date":"2024-12-15T09:50:46","date_gmt":"2024-12-15T09:50:46","guid":{"rendered":"https:\/\/imc.gen.tr\/?page_id=1025"},"modified":"2024-12-15T10:06:58","modified_gmt":"2024-12-15T10:06:58","slug":"sikca-sorulan-sorular","status":"publish","type":"page","link":"https:\/\/imc.gen.tr\/?page_id=1025","title":{"rendered":"S\u0131k\u00e7a Sorulan Sorular"},"content":{"rendered":"\t\t<div data-elementor-type=\"wp-page\" data-elementor-id=\"1025\" class=\"elementor elementor-1025\">\n\t\t\t\t\t\t\t<div class=\"elementor-element elementor-element-33a3ee1 e-con-boxed lakit-col-width-auto-no e-container e-root-container elementor-top-section e-con\" data-id=\"33a3ee1\" data-element_type=\"container\" data-settings=\"{&quot;content_width&quot;:&quot;boxed&quot;}\">\n\t\t\t\t\t<div class=\"e-con-inner\">\n\t\t\t\t<div class=\"elementor-element elementor-element-44f3517 elementor-widget elementor-widget-toggle\" data-id=\"44f3517\" data-element_type=\"widget\" data-widget_type=\"toggle.default\">\n\t\t\t\t<div class=\"elementor-widget-container\">\n\t\t\t<style>.elementor-toggle{text-align:left}.elementor-toggle .elementor-tab-title{font-weight:700;line-height:1;margin:0;padding:15px;border-bottom:1px solid #d4d4d4;cursor:pointer;outline:none}.elementor-toggle .elementor-tab-title .elementor-toggle-icon{display:inline-block;width:1em}.elementor-toggle .elementor-tab-title .elementor-toggle-icon svg{-webkit-margin-start:-5px;margin-inline-start:-5px;width:1em;height:1em}.elementor-toggle .elementor-tab-title .elementor-toggle-icon.elementor-toggle-icon-right{float:right;text-align:right}.elementor-toggle .elementor-tab-title .elementor-toggle-icon.elementor-toggle-icon-left{float:left;text-align:left}.elementor-toggle .elementor-tab-title .elementor-toggle-icon .elementor-toggle-icon-closed{display:block}.elementor-toggle .elementor-tab-title .elementor-toggle-icon .elementor-toggle-icon-opened{display:none}.elementor-toggle .elementor-tab-title.elementor-active{border-bottom:none}.elementor-toggle .elementor-tab-title.elementor-active .elementor-toggle-icon-closed{display:none}.elementor-toggle .elementor-tab-title.elementor-active .elementor-toggle-icon-opened{display:block}.elementor-toggle .elementor-tab-content{padding:15px;border-bottom:1px solid #d4d4d4;display:none}@media (max-width:767px){.elementor-toggle .elementor-tab-title{padding:12px}.elementor-toggle .elementor-tab-content{padding:12px 10px}}.e-con-inner>.elementor-widget-toggle,.e-con>.elementor-widget-toggle{width:var(--container-widget-width);--flex-grow:var(--container-widget-flex-grow)}<\/style>\t\t<div class=\"elementor-toggle\" role=\"tablist\">\n\t\t\t\t\t\t\t<div class=\"elementor-toggle-item\">\n\t\t\t\t\t<div id=\"elementor-tab-title-7221\" class=\"elementor-tab-title\" data-tab=\"1\" role=\"tab\" aria-controls=\"elementor-tab-content-7221\" aria-expanded=\"false\">\n\t\t\t\t\t\t\t\t\t\t\t\t<span class=\"elementor-toggle-icon elementor-toggle-icon-left\" aria-hidden=\"true\">\n\t\t\t\t\t\t\t\t\t\t\t\t\t\t\t<span class=\"elementor-toggle-icon-closed\"><i class=\"fas fa-caret-right\"><\/i><\/span>\n\t\t\t\t\t\t\t\t<span class=\"elementor-toggle-icon-opened\"><i class=\"elementor-toggle-icon-opened fas fa-caret-up\"><\/i><\/span>\n\t\t\t\t\t\t\t\t\t\t\t\t\t<\/span>\n\t\t\t\t\t\t\t\t\t\t\t\t<a href=\"\" class=\"elementor-toggle-title\">Jenerat\u00f6r\u00fcm i\u00e7in orijinal yedek par\u00e7alar\u0131 nereden sa\u011flayabilirim?<\/a>\n\t\t\t\t\t<\/div>\n\n\t\t\t\t\t<div id=\"elementor-tab-content-7221\" class=\"elementor-tab-content elementor-clearfix\" data-tab=\"1\" role=\"tabpanel\" aria-labelledby=\"elementor-tab-title-7221\"><p>Jenerat\u00f6r\u00fcn\u00fcz i\u00e7in gerekli t\u00fcm yedek par\u00e7a ve sarf malzemelerini yetkili bayilerden ya da jenerat\u00f6r servislerinden temin edebilirsiniz. Ayr\u0131ca her marka motor ve alternat\u00f6r par\u00e7alar\u0131 i\u00e7in uzman deste\u011fi alabilirsiniz<\/p><\/div>\n\t\t\t\t<\/div>\n\t\t\t\t\t\t\t<div class=\"elementor-toggle-item\">\n\t\t\t\t\t<div id=\"elementor-tab-title-7222\" class=\"elementor-tab-title\" data-tab=\"2\" role=\"tab\" aria-controls=\"elementor-tab-content-7222\" aria-expanded=\"false\">\n\t\t\t\t\t\t\t\t\t\t\t\t<span class=\"elementor-toggle-icon elementor-toggle-icon-left\" aria-hidden=\"true\">\n\t\t\t\t\t\t\t\t\t\t\t\t\t\t\t<span class=\"elementor-toggle-icon-closed\"><i class=\"fas fa-caret-right\"><\/i><\/span>\n\t\t\t\t\t\t\t\t<span class=\"elementor-toggle-icon-opened\"><i class=\"elementor-toggle-icon-opened fas fa-caret-up\"><\/i><\/span>\n\t\t\t\t\t\t\t\t\t\t\t\t\t<\/span>\n\t\t\t\t\t\t\t\t\t\t\t\t<a href=\"\" class=\"elementor-toggle-title\">Jenerat\u00f6r bak\u0131m\u0131n\u0131 ne s\u0131kl\u0131kla yapmal\u0131y\u0131m?<\/a>\n\t\t\t\t\t<\/div>\n\n\t\t\t\t\t<div id=\"elementor-tab-content-7222\" class=\"elementor-tab-content elementor-clearfix\" data-tab=\"2\" role=\"tabpanel\" aria-labelledby=\"elementor-tab-title-7222\"><p>Jenerat\u00f6r\u00fcn bak\u0131m takvimine dikkat edilmeli ve kullan\u0131m k\u0131lavuzunda belirtilen s\u00fcreler takip edilmelidir. \u00c7al\u0131\u015fma s\u00fcresi, ortam \u015fartlar\u0131 ve y\u00fck durumuna ba\u011fl\u0131 olarak bak\u0131m aral\u0131klar\u0131 de\u011fi\u015febilir. Her y\u0131l genel bak\u0131m yap\u0131lmas\u0131 ve d\u00fczenli kontrol \u00f6nerilir.<\/p><\/div>\n\t\t\t\t<\/div>\n\t\t\t\t\t\t\t<div class=\"elementor-toggle-item\">\n\t\t\t\t\t<div id=\"elementor-tab-title-7223\" class=\"elementor-tab-title\" data-tab=\"3\" role=\"tab\" aria-controls=\"elementor-tab-content-7223\" aria-expanded=\"false\">\n\t\t\t\t\t\t\t\t\t\t\t\t<span class=\"elementor-toggle-icon elementor-toggle-icon-left\" aria-hidden=\"true\">\n\t\t\t\t\t\t\t\t\t\t\t\t\t\t\t<span class=\"elementor-toggle-icon-closed\"><i class=\"fas fa-caret-right\"><\/i><\/span>\n\t\t\t\t\t\t\t\t<span class=\"elementor-toggle-icon-opened\"><i class=\"elementor-toggle-icon-opened fas fa-caret-up\"><\/i><\/span>\n\t\t\t\t\t\t\t\t\t\t\t\t\t<\/span>\n\t\t\t\t\t\t\t\t\t\t\t\t<a href=\"\" class=\"elementor-toggle-title\">D\u00fc\u015f\u00fck y\u00fckle \u00e7al\u0131\u015fan jenerat\u00f6r setinin zararlar\u0131 nelerdir?<\/a>\n\t\t\t\t\t<\/div>\n\n\t\t\t\t\t<div id=\"elementor-tab-content-7223\" class=\"elementor-tab-content elementor-clearfix\" data-tab=\"3\" role=\"tabpanel\" aria-labelledby=\"elementor-tab-title-7223\"><p>D\u00fc\u015f\u00fck y\u00fckte \u00e7al\u0131\u015fan jenerat\u00f6rlerde karbon birikmesi, egzoz ka\u00e7aklar\u0131 ve motor par\u00e7alar\u0131nda a\u015f\u0131nma gibi sorunlar olu\u015fabilir. Minimum y\u00fck kapasitesine dikkat etmek \u00f6nemlidir.<\/p><\/div>\n\t\t\t\t<\/div>\n\t\t\t\t\t\t\t<div class=\"elementor-toggle-item\">\n\t\t\t\t\t<div id=\"elementor-tab-title-7224\" class=\"elementor-tab-title\" data-tab=\"4\" role=\"tab\" aria-controls=\"elementor-tab-content-7224\" aria-expanded=\"false\">\n\t\t\t\t\t\t\t\t\t\t\t\t<span class=\"elementor-toggle-icon elementor-toggle-icon-left\" aria-hidden=\"true\">\n\t\t\t\t\t\t\t\t\t\t\t\t\t\t\t<span class=\"elementor-toggle-icon-closed\"><i class=\"fas fa-caret-right\"><\/i><\/span>\n\t\t\t\t\t\t\t\t<span class=\"elementor-toggle-icon-opened\"><i class=\"elementor-toggle-icon-opened fas fa-caret-up\"><\/i><\/span>\n\t\t\t\t\t\t\t\t\t\t\t\t\t<\/span>\n\t\t\t\t\t\t\t\t\t\t\t\t<a href=\"\" class=\"elementor-toggle-title\">Jenerat\u00f6r garantisi neleri kapsar?<\/a>\n\t\t\t\t\t<\/div>\n\n\t\t\t\t\t<div id=\"elementor-tab-content-7224\" class=\"elementor-tab-content elementor-clearfix\" data-tab=\"4\" role=\"tabpanel\" aria-labelledby=\"elementor-tab-title-7224\"><p>Jenerat\u00f6r garanti kapsam\u0131, genellikle imalat ve par\u00e7a hatalar\u0131n\u0131 i\u00e7erir. Garanti s\u00fcresi ve \u015fartlar\u0131 ile ilgili bilgileri \u00fcr\u00fcnle birlikte gelen belgelerde bulabilirsiniz.<\/p><\/div>\n\t\t\t\t<\/div>\n\t\t\t\t\t\t\t<div class=\"elementor-toggle-item\">\n\t\t\t\t\t<div id=\"elementor-tab-title-7225\" class=\"elementor-tab-title\" data-tab=\"5\" role=\"tab\" aria-controls=\"elementor-tab-content-7225\" aria-expanded=\"false\">\n\t\t\t\t\t\t\t\t\t\t\t\t<span class=\"elementor-toggle-icon elementor-toggle-icon-left\" aria-hidden=\"true\">\n\t\t\t\t\t\t\t\t\t\t\t\t\t\t\t<span class=\"elementor-toggle-icon-closed\"><i class=\"fas fa-caret-right\"><\/i><\/span>\n\t\t\t\t\t\t\t\t<span class=\"elementor-toggle-icon-opened\"><i class=\"elementor-toggle-icon-opened fas fa-caret-up\"><\/i><\/span>\n\t\t\t\t\t\t\t\t\t\t\t\t\t<\/span>\n\t\t\t\t\t\t\t\t\t\t\t\t<a href=\"\" class=\"elementor-toggle-title\">Jenerat\u00f6r \u00e7al\u0131\u015f\u0131rken neden beyaz duman \u00e7\u0131kar\u0131r?<\/a>\n\t\t\t\t\t<\/div>\n\n\t\t\t\t\t<div id=\"elementor-tab-content-7225\" class=\"elementor-tab-content elementor-clearfix\" data-tab=\"5\" role=\"tabpanel\" aria-labelledby=\"elementor-tab-title-7225\"><p>Beyaz duman genellikle d\u00fc\u015f\u00fck y\u00fckte \u00e7al\u0131\u015fmadan veya motor ya\u011f\u0131n\u0131n yak\u0131tla kar\u0131\u015fmas\u0131ndan kaynaklan\u0131r. D\u00fczenli bak\u0131m ve uygun y\u00fckte \u00e7al\u0131\u015fma bu sorunun \u00f6n\u00fcne ge\u00e7ebilir.<\/p><\/div>\n\t\t\t\t<\/div>\n\t\t\t\t\t\t\t<div class=\"elementor-toggle-item\">\n\t\t\t\t\t<div id=\"elementor-tab-title-7226\" class=\"elementor-tab-title\" data-tab=\"6\" role=\"tab\" aria-controls=\"elementor-tab-content-7226\" aria-expanded=\"false\">\n\t\t\t\t\t\t\t\t\t\t\t\t<span class=\"elementor-toggle-icon elementor-toggle-icon-left\" aria-hidden=\"true\">\n\t\t\t\t\t\t\t\t\t\t\t\t\t\t\t<span class=\"elementor-toggle-icon-closed\"><i class=\"fas fa-caret-right\"><\/i><\/span>\n\t\t\t\t\t\t\t\t<span class=\"elementor-toggle-icon-opened\"><i class=\"elementor-toggle-icon-opened fas fa-caret-up\"><\/i><\/span>\n\t\t\t\t\t\t\t\t\t\t\t\t\t<\/span>\n\t\t\t\t\t\t\t\t\t\t\t\t<a href=\"\" class=\"elementor-toggle-title\">Jenerat\u00f6r motorunun devri nedir ve nas\u0131l \u00f6l\u00e7\u00fcl\u00fcr?<\/a>\n\t\t\t\t\t<\/div>\n\n\t\t\t\t\t<div id=\"elementor-tab-content-7226\" class=\"elementor-tab-content elementor-clearfix\" data-tab=\"6\" role=\"tabpanel\" aria-labelledby=\"elementor-tab-title-7226\"><p>Jenerat\u00f6r motorunun bir dakikadaki d\u00f6nme say\u0131s\u0131na &#8220;devir\/dakika&#8221; denir. Bu de\u011fer genellikle 50Hz jenerat\u00f6rler i\u00e7in 1500 veya 3000 devir\/dakika, 60Hz jenerat\u00f6rler i\u00e7in ise 1800 veya 3600 devir\/dakika olarak ayarlan\u0131r.<\/p><\/div>\n\t\t\t\t<\/div>\n\t\t\t\t\t\t\t<div class=\"elementor-toggle-item\">\n\t\t\t\t\t<div id=\"elementor-tab-title-7227\" class=\"elementor-tab-title\" data-tab=\"7\" role=\"tab\" aria-controls=\"elementor-tab-content-7227\" aria-expanded=\"false\">\n\t\t\t\t\t\t\t\t\t\t\t\t<span class=\"elementor-toggle-icon elementor-toggle-icon-left\" aria-hidden=\"true\">\n\t\t\t\t\t\t\t\t\t\t\t\t\t\t\t<span class=\"elementor-toggle-icon-closed\"><i class=\"fas fa-caret-right\"><\/i><\/span>\n\t\t\t\t\t\t\t\t<span class=\"elementor-toggle-icon-opened\"><i class=\"elementor-toggle-icon-opened fas fa-caret-up\"><\/i><\/span>\n\t\t\t\t\t\t\t\t\t\t\t\t\t<\/span>\n\t\t\t\t\t\t\t\t\t\t\t\t<a href=\"\" class=\"elementor-toggle-title\">A\u015f\u0131r\u0131 y\u00fck alt\u0131nda \u00e7al\u0131\u015fan jenerat\u00f6r\u00fcn zararlar\u0131 nelerdir?<\/a>\n\t\t\t\t\t<\/div>\n\n\t\t\t\t\t<div id=\"elementor-tab-content-7227\" class=\"elementor-tab-content elementor-clearfix\" data-tab=\"7\" role=\"tabpanel\" aria-labelledby=\"elementor-tab-title-7227\"><p>A\u015f\u0131r\u0131 y\u00fck alt\u0131nda jenerat\u00f6r\u00fcn motor ve alternat\u00f6r par\u00e7alar\u0131 h\u0131zla a\u015f\u0131n\u0131r, motor \u0131s\u0131s\u0131 y\u00fckselir ve ya\u011flama sistemi zarar g\u00f6rebilir. Bu da jenerat\u00f6r\u00fcn \u00f6mr\u00fcn\u00fc k\u0131salt\u0131r.<\/p><\/div>\n\t\t\t\t<\/div>\n\t\t\t\t\t\t\t<div class=\"elementor-toggle-item\">\n\t\t\t\t\t<div id=\"elementor-tab-title-7228\" class=\"elementor-tab-title\" data-tab=\"8\" role=\"tab\" aria-controls=\"elementor-tab-content-7228\" aria-expanded=\"false\">\n\t\t\t\t\t\t\t\t\t\t\t\t<span class=\"elementor-toggle-icon elementor-toggle-icon-left\" aria-hidden=\"true\">\n\t\t\t\t\t\t\t\t\t\t\t\t\t\t\t<span class=\"elementor-toggle-icon-closed\"><i class=\"fas fa-caret-right\"><\/i><\/span>\n\t\t\t\t\t\t\t\t<span class=\"elementor-toggle-icon-opened\"><i class=\"elementor-toggle-icon-opened fas fa-caret-up\"><\/i><\/span>\n\t\t\t\t\t\t\t\t\t\t\t\t\t<\/span>\n\t\t\t\t\t\t\t\t\t\t\t\t<a href=\"\" class=\"elementor-toggle-title\">Sessiz jenerat\u00f6r \u00e7\u00f6z\u00fcmleri nelerdir?<\/a>\n\t\t\t\t\t<\/div>\n\n\t\t\t\t\t<div id=\"elementor-tab-content-7228\" class=\"elementor-tab-content elementor-clearfix\" data-tab=\"8\" role=\"tabpanel\" aria-labelledby=\"elementor-tab-title-7228\"><p>Jenerat\u00f6rlerden kaynaklanan g\u00fcr\u00fclt\u00fcy\u00fc azaltmak i\u00e7in ses izolasyon kabinleri veya \u00f6zel egzoz sistemleri kullan\u0131labilir. Kurulum yap\u0131l\u0131rken bu konuda uzman deste\u011fi almak \u00f6nerilir.<\/p><\/div>\n\t\t\t\t<\/div>\n\t\t\t\t\t\t\t<div class=\"elementor-toggle-item\">\n\t\t\t\t\t<div id=\"elementor-tab-title-7229\" class=\"elementor-tab-title\" data-tab=\"9\" role=\"tab\" aria-controls=\"elementor-tab-content-7229\" aria-expanded=\"false\">\n\t\t\t\t\t\t\t\t\t\t\t\t<span class=\"elementor-toggle-icon elementor-toggle-icon-left\" aria-hidden=\"true\">\n\t\t\t\t\t\t\t\t\t\t\t\t\t\t\t<span class=\"elementor-toggle-icon-closed\"><i class=\"fas fa-caret-right\"><\/i><\/span>\n\t\t\t\t\t\t\t\t<span class=\"elementor-toggle-icon-opened\"><i class=\"elementor-toggle-icon-opened fas fa-caret-up\"><\/i><\/span>\n\t\t\t\t\t\t\t\t\t\t\t\t\t<\/span>\n\t\t\t\t\t\t\t\t\t\t\t\t<a href=\"\" class=\"elementor-toggle-title\">Do\u011fru jenerat\u00f6r g\u00fcc\u00fcn\u00fc nas\u0131l se\u00e7ebilirim?<\/a>\n\t\t\t\t\t<\/div>\n\n\t\t\t\t\t<div id=\"elementor-tab-content-7229\" class=\"elementor-tab-content elementor-clearfix\" data-tab=\"9\" role=\"tabpanel\" aria-labelledby=\"elementor-tab-title-7229\"><p>Jenerat\u00f6r g\u00fcc\u00fc se\u00e7iminde ihtiya\u00e7 duyulan y\u00fck, \u00e7al\u0131\u015fma ortam\u0131 ve di\u011fer teknik \u00f6zellikler dikkate al\u0131nmal\u0131d\u0131r. Uzman deste\u011fiyle yap\u0131lan analizler do\u011fru kapasite se\u00e7iminde yard\u0131mc\u0131 olur.<\/p><\/div>\n\t\t\t\t<\/div>\n\t\t\t\t\t\t\t<div class=\"elementor-toggle-item\">\n\t\t\t\t\t<div id=\"elementor-tab-title-72210\" class=\"elementor-tab-title\" data-tab=\"10\" role=\"tab\" aria-controls=\"elementor-tab-content-72210\" aria-expanded=\"false\">\n\t\t\t\t\t\t\t\t\t\t\t\t<span class=\"elementor-toggle-icon elementor-toggle-icon-left\" aria-hidden=\"true\">\n\t\t\t\t\t\t\t\t\t\t\t\t\t\t\t<span class=\"elementor-toggle-icon-closed\"><i class=\"fas fa-caret-right\"><\/i><\/span>\n\t\t\t\t\t\t\t\t<span class=\"elementor-toggle-icon-opened\"><i class=\"elementor-toggle-icon-opened fas fa-caret-up\"><\/i><\/span>\n\t\t\t\t\t\t\t\t\t\t\t\t\t<\/span>\n\t\t\t\t\t\t\t\t\t\t\t\t<a href=\"\" class=\"elementor-toggle-title\">Jenerat\u00f6r kurulumunda nelere dikkat edilmelidir?<\/a>\n\t\t\t\t\t<\/div>\n\n\t\t\t\t\t<div id=\"elementor-tab-content-72210\" class=\"elementor-tab-content elementor-clearfix\" data-tab=\"10\" role=\"tabpanel\" aria-labelledby=\"elementor-tab-title-72210\"><p>Jenerat\u00f6r kurulumu s\u0131ras\u0131nda uygun havaland\u0131rma, sa\u011flam bir zemin, g\u00fcvenli elektrik ba\u011flant\u0131lar\u0131 ve etkili bir egzoz sistemi sa\u011flanmal\u0131d\u0131r. Ayr\u0131ca yak\u0131t dolum ve depolama sistemleri de dikkatlice planlanmal\u0131d\u0131r.<\/p><\/div>\n\t\t\t\t<\/div>\n\t\t\t\t\t\t\t\t<\/div>\n\t\t\t\t<\/div>\n\t\t\t\t<\/div>\n\t\t\t\t\t<\/div>\n\t\t\t\t<\/div>\n\t\t\t\t\t\t\t<\/div>\n\t\t","protected":false},"excerpt":{"rendered":"<p>Jenerat\u00f6r\u00fcm i\u00e7in orijinal yedek par\u00e7alar\u0131 nereden sa\u011flayabilirim? Jenerat\u00f6r\u00fcn\u00fcz i\u00e7in gerekli t\u00fcm yedek par\u00e7a ve sarf malzemelerini yetkili bayilerden ya da jenerat\u00f6r servislerinden temin edebilirsiniz. Ayr\u0131ca her marka motor ve alternat\u00f6r par\u00e7alar\u0131 i\u00e7in uzman deste\u011fi alabilirsiniz Jenerat\u00f6r bak\u0131m\u0131n\u0131 ne s\u0131kl\u0131kla yapmal\u0131y\u0131m? Jenerat\u00f6r\u00fcn bak\u0131m takvimine dikkat edilmeli ve kullan\u0131m k\u0131lavuzunda belirtilen s\u00fcreler takip&hellip;<\/p>\n","protected":false},"author":1,"featured_media":0,"parent":0,"menu_order":0,"comment_status":"closed","ping_status":"closed","template":"","meta":{"_acf_changed":false,"_joinchat":[],"footnotes":""},"class_list":["post-1025","page","type-page","status-publish","hentry"],"acf":[],"yoast_head":"<!-- This site is optimized with the Yoast SEO plugin v23.7 - https:\/\/yoast.com\/wordpress\/plugins\/seo\/ -->\n<title>S\u0131k\u00e7a Sorulan Sorular | \u0130MC Generators<\/title>\n<meta name=\"description\" content=\"\u0130MC Generators | S\u0131k\u00e7a Sorulan Sorular | Jenerat\u00f6r\u00fcm i\u00e7in orijinal yedek par\u00e7alar\u0131 nereden sa\u011flayabilirim? Jenerat\u00f6r\u00fcn\u00fcz i\u00e7in gerekli t\u00fcm yedek par\u00e7a ve sarf malzemelerini yetkili bayilerden ya\" \/>\n<meta name=\"robots\" content=\"index, follow, max-snippet:-1, max-image-preview:large, max-video-preview:-1\" \/>\n<link rel=\"canonical\" href=\"https:\/\/imc.gen.tr\/?page_id=1025\" \/>\n<meta property=\"og:locale\" content=\"tr_TR\" \/>\n<meta property=\"og:type\" content=\"article\" \/>\n<meta property=\"og:title\" content=\"S\u0131k\u00e7a Sorulan Sorular | \u0130MC Generators\" \/>\n<meta property=\"og:description\" content=\"\u0130MC Generators | S\u0131k\u00e7a Sorulan Sorular | Jenerat\u00f6r\u00fcm i\u00e7in orijinal yedek par\u00e7alar\u0131 nereden sa\u011flayabilirim? Jenerat\u00f6r\u00fcn\u00fcz i\u00e7in gerekli t\u00fcm yedek par\u00e7a ve sarf malzemelerini yetkili bayilerden ya\" \/>\n<meta property=\"og:url\" content=\"https:\/\/imc.gen.tr\/?page_id=1025\" \/>\n<meta property=\"og:site_name\" content=\"\u0130MC Generators\" \/>\n<meta property=\"article:modified_time\" content=\"2024-12-15T10:06:58+00:00\" \/>\n<meta property=\"og:image\" content=\"https:\/\/imc.gen.tr\/wp-content\/uploads\/2023\/03\/imclogo-1.png\" \/>\n\t<meta property=\"og:image:width\" content=\"500\" \/>\n\t<meta property=\"og:image:height\" content=\"319\" \/>\n\t<meta property=\"og:image:type\" content=\"image\/png\" \/>\n<meta name=\"twitter:card\" content=\"summary_large_image\" \/>\n<meta name=\"twitter:label1\" content=\"Tahmini okuma s\u00fcresi\" \/>\n\t<meta name=\"twitter:data1\" content=\"2 dakika\" \/>\n<script type=\"application\/ld+json\" class=\"yoast-schema-graph\">{\"@context\":\"https:\/\/schema.org\",\"@graph\":[{\"@type\":\"WebPage\",\"@id\":\"https:\/\/imc.gen.tr\/?page_id=1025\",\"url\":\"https:\/\/imc.gen.tr\/?page_id=1025\",\"name\":\"S\u0131k\u00e7a Sorulan Sorular | \u0130MC Generators\",\"isPartOf\":{\"@id\":\"https:\/\/imc.gen.tr\/#website\"},\"datePublished\":\"2024-12-15T09:50:46+00:00\",\"dateModified\":\"2024-12-15T10:06:58+00:00\",\"description\":\"\u0130MC Generators | S\u0131k\u00e7a Sorulan Sorular | Jenerat\u00f6r\u00fcm i\u00e7in orijinal yedek par\u00e7alar\u0131 nereden sa\u011flayabilirim? Jenerat\u00f6r\u00fcn\u00fcz i\u00e7in gerekli t\u00fcm yedek par\u00e7a ve sarf malzemelerini yetkili bayilerden ya\",\"breadcrumb\":{\"@id\":\"https:\/\/imc.gen.tr\/?page_id=1025#breadcrumb\"},\"inLanguage\":\"tr\",\"potentialAction\":[{\"@type\":\"ReadAction\",\"target\":[\"https:\/\/imc.gen.tr\/?page_id=1025\"]}]},{\"@type\":\"BreadcrumbList\",\"@id\":\"https:\/\/imc.gen.tr\/?page_id=1025#breadcrumb\",\"itemListElement\":[{\"@type\":\"ListItem\",\"position\":1,\"name\":\"Anasayfa\",\"item\":\"https:\/\/imc.gen.tr\/\"},{\"@type\":\"ListItem\",\"position\":2,\"name\":\"S\u0131k\u00e7a Sorulan Sorular\"}]},{\"@type\":\"WebSite\",\"@id\":\"https:\/\/imc.gen.tr\/#website\",\"url\":\"https:\/\/imc.gen.tr\/\",\"name\":\"\u0130MC Generators\",\"description\":\"Discover The Energy\",\"publisher\":{\"@id\":\"https:\/\/imc.gen.tr\/#organization\"},\"potentialAction\":[{\"@type\":\"SearchAction\",\"target\":{\"@type\":\"EntryPoint\",\"urlTemplate\":\"https:\/\/imc.gen.tr\/?s={search_term_string}\"},\"query-input\":{\"@type\":\"PropertyValueSpecification\",\"valueRequired\":true,\"valueName\":\"search_term_string\"}}],\"inLanguage\":\"tr\"},{\"@type\":\"Organization\",\"@id\":\"https:\/\/imc.gen.tr\/#organization\",\"name\":\"\u0130MC Generators\",\"url\":\"https:\/\/imc.gen.tr\/\",\"logo\":{\"@type\":\"ImageObject\",\"inLanguage\":\"tr\",\"@id\":\"https:\/\/imc.gen.tr\/#\/schema\/logo\/image\/\",\"url\":\"https:\/\/imc.gen.tr\/wp-content\/uploads\/2023\/03\/imclogo-1.png\",\"contentUrl\":\"https:\/\/imc.gen.tr\/wp-content\/uploads\/2023\/03\/imclogo-1.png\",\"width\":500,\"height\":319,\"caption\":\"\u0130MC Generators\"},\"image\":{\"@id\":\"https:\/\/imc.gen.tr\/#\/schema\/logo\/image\/\"}}]}<\/script>\n<!-- \/ Yoast SEO plugin. -->","yoast_head_json":{"title":"S\u0131k\u00e7a Sorulan Sorular | \u0130MC Generators","description":"\u0130MC Generators | S\u0131k\u00e7a Sorulan Sorular | Jenerat\u00f6r\u00fcm i\u00e7in orijinal yedek par\u00e7alar\u0131 nereden sa\u011flayabilirim? Jenerat\u00f6r\u00fcn\u00fcz i\u00e7in gerekli t\u00fcm yedek par\u00e7a ve sarf malzemelerini yetkili bayilerden ya","robots":{"index":"index","follow":"follow","max-snippet":"max-snippet:-1","max-image-preview":"max-image-preview:large","max-video-preview":"max-video-preview:-1"},"canonical":"https:\/\/imc.gen.tr\/?page_id=1025","og_locale":"tr_TR","og_type":"article","og_title":"S\u0131k\u00e7a Sorulan Sorular | \u0130MC Generators","og_description":"\u0130MC Generators | S\u0131k\u00e7a Sorulan Sorular | Jenerat\u00f6r\u00fcm i\u00e7in orijinal yedek par\u00e7alar\u0131 nereden sa\u011flayabilirim? Jenerat\u00f6r\u00fcn\u00fcz i\u00e7in gerekli t\u00fcm yedek par\u00e7a ve sarf malzemelerini yetkili bayilerden ya","og_url":"https:\/\/imc.gen.tr\/?page_id=1025","og_site_name":"\u0130MC Generators","article_modified_time":"2024-12-15T10:06:58+00:00","og_image":[{"width":500,"height":319,"url":"https:\/\/imc.gen.tr\/wp-content\/uploads\/2023\/03\/imclogo-1.png","type":"image\/png"}],"twitter_card":"summary_large_image","twitter_misc":{"Tahmini okuma s\u00fcresi":"2 dakika"},"schema":{"@context":"https:\/\/schema.org","@graph":[{"@type":"WebPage","@id":"https:\/\/imc.gen.tr\/?page_id=1025","url":"https:\/\/imc.gen.tr\/?page_id=1025","name":"S\u0131k\u00e7a Sorulan Sorular | \u0130MC Generators","isPartOf":{"@id":"https:\/\/imc.gen.tr\/#website"},"datePublished":"2024-12-15T09:50:46+00:00","dateModified":"2024-12-15T10:06:58+00:00","description":"\u0130MC Generators | S\u0131k\u00e7a Sorulan Sorular | Jenerat\u00f6r\u00fcm i\u00e7in orijinal yedek par\u00e7alar\u0131 nereden sa\u011flayabilirim? Jenerat\u00f6r\u00fcn\u00fcz i\u00e7in gerekli t\u00fcm yedek par\u00e7a ve sarf malzemelerini yetkili bayilerden ya","breadcrumb":{"@id":"https:\/\/imc.gen.tr\/?page_id=1025#breadcrumb"},"inLanguage":"tr","potentialAction":[{"@type":"ReadAction","target":["https:\/\/imc.gen.tr\/?page_id=1025"]}]},{"@type":"BreadcrumbList","@id":"https:\/\/imc.gen.tr\/?page_id=1025#breadcrumb","itemListElement":[{"@type":"ListItem","position":1,"name":"Anasayfa","item":"https:\/\/imc.gen.tr\/"},{"@type":"ListItem","position":2,"name":"S\u0131k\u00e7a Sorulan Sorular"}]},{"@type":"WebSite","@id":"https:\/\/imc.gen.tr\/#website","url":"https:\/\/imc.gen.tr\/","name":"\u0130MC Generators","description":"Discover The Energy","publisher":{"@id":"https:\/\/imc.gen.tr\/#organization"},"potentialAction":[{"@type":"SearchAction","target":{"@type":"EntryPoint","urlTemplate":"https:\/\/imc.gen.tr\/?s={search_term_string}"},"query-input":{"@type":"PropertyValueSpecification","valueRequired":true,"valueName":"search_term_string"}}],"inLanguage":"tr"},{"@type":"Organization","@id":"https:\/\/imc.gen.tr\/#organization","name":"\u0130MC Generators","url":"https:\/\/imc.gen.tr\/","logo":{"@type":"ImageObject","inLanguage":"tr","@id":"https:\/\/imc.gen.tr\/#\/schema\/logo\/image\/","url":"https:\/\/imc.gen.tr\/wp-content\/uploads\/2023\/03\/imclogo-1.png","contentUrl":"https:\/\/imc.gen.tr\/wp-content\/uploads\/2023\/03\/imclogo-1.png","width":500,"height":319,"caption":"\u0130MC Generators"},"image":{"@id":"https:\/\/imc.gen.tr\/#\/schema\/logo\/image\/"}}]}},"_links":{"self":[{"href":"https:\/\/imc.gen.tr\/index.php?rest_route=\/wp\/v2\/pages\/1025","targetHints":{"allow":["GET"]}}],"collection":[{"href":"https:\/\/imc.gen.tr\/index.php?rest_route=\/wp\/v2\/pages"}],"about":[{"href":"https:\/\/imc.gen.tr\/index.php?rest_route=\/wp\/v2\/types\/page"}],"author":[{"embeddable":true,"href":"https:\/\/imc.gen.tr\/index.php?rest_route=\/wp\/v2\/users\/1"}],"replies":[{"embeddable":true,"href":"https:\/\/imc.gen.tr\/index.php?rest_route=%2Fwp%2Fv2%2Fcomments&post=1025"}],"version-history":[{"count":4,"href":"https:\/\/imc.gen.tr\/index.php?rest_route=\/wp\/v2\/pages\/1025\/revisions"}],"predecessor-version":[{"id":1030,"href":"https:\/\/imc.gen.tr\/index.php?rest_route=\/wp\/v2\/pages\/1025\/revisions\/1030"}],"wp:attachment":[{"href":"https:\/\/imc.gen.tr\/index.php?rest_route=%2Fwp%2Fv2%2Fmedia&parent=1025"}],"curies":[{"name":"wp","href":"https:\/\/api.w.org\/{rel}","templated":true}]}}