{"id":128,"date":"2023-03-02T14:33:11","date_gmt":"2023-03-02T14:33:11","guid":{"rendered":"https:\/\/imc.gen.tr\/?page_id=128"},"modified":"2023-03-02T14:40:34","modified_gmt":"2023-03-02T14:40:34","slug":"jenerator-kiralama","status":"publish","type":"page","link":"https:\/\/imc.gen.tr\/?page_id=128","title":{"rendered":"Jenerat\u00f6r Kiralama"},"content":{"rendered":"\t\t<div data-elementor-type=\"wp-page\" data-elementor-id=\"128\" class=\"elementor elementor-128\">\n\t\t\t\t\t\t\t<div class=\"elementor-element elementor-element-4694eaf e-con-boxed lakit-col-width-auto-no e-container e-root-container elementor-top-section e-con\" data-id=\"4694eaf\" data-element_type=\"container\" data-settings=\"{&quot;content_width&quot;:&quot;boxed&quot;}\">\n\t\t\t\t\t<div class=\"e-con-inner\">\n\t\t\t\t<div class=\"elementor-element elementor-element-6badab6 elementor-widget elementor-widget-heading\" data-id=\"6badab6\" data-element_type=\"widget\" data-widget_type=\"heading.default\">\n\t\t\t\t<div class=\"elementor-widget-container\">\n\t\t\t<style>\/*! elementor - v3.11.2 - 22-02-2023 *\/\n.elementor-heading-title{padding:0;margin:0;line-height:1}.elementor-widget-heading .elementor-heading-title[class*=elementor-size-]>a{color:inherit;font-size:inherit;line-height:inherit}.elementor-widget-heading .elementor-heading-title.elementor-size-small{font-size:15px}.elementor-widget-heading .elementor-heading-title.elementor-size-medium{font-size:19px}.elementor-widget-heading .elementor-heading-title.elementor-size-large{font-size:29px}.elementor-widget-heading .elementor-heading-title.elementor-size-xl{font-size:39px}.elementor-widget-heading .elementor-heading-title.elementor-size-xxl{font-size:59px}<\/style><h2 class=\"elementor-heading-title elementor-size-default\">25 y\u0131l \u00f6nce \u00e7\u0131kt\u0131\u011f\u0131m\u0131z enerji yolculu\u011fumuzda ayn\u0131 heyecan ve istekle yolumuza devam ediyoruz.\n\n<\/h2>\t\t<\/div>\n\t\t\t\t<\/div>\n\t\t\t\t\t<\/div>\n\t\t\t\t<\/div>\n\t\t<div class=\"elementor-element elementor-element-98ea1cd e-con-full lakit-col-width-auto-no e-container e-root-container elementor-top-section e-con\" data-id=\"98ea1cd\" data-element_type=\"container\" data-settings=\"{&quot;content_width&quot;:&quot;full&quot;}\">\n\t\t<div class=\"elementor-element elementor-element-447ce36 e-con-full lakit-col-width-auto-no e-container e-con\" data-id=\"447ce36\" data-element_type=\"container\" data-settings=\"{&quot;content_width&quot;:&quot;full&quot;}\">\n\t\t\t\t<div class=\"elementor-element elementor-element-c8f893d elementor-widget elementor-widget-text-editor\" data-id=\"c8f893d\" data-element_type=\"widget\" data-widget_type=\"text-editor.default\">\n\t\t\t\t<div class=\"elementor-widget-container\">\n\t\t\t<style>\/*! elementor - v3.11.2 - 22-02-2023 *\/\n.elementor-widget-text-editor.elementor-drop-cap-view-stacked .elementor-drop-cap{background-color:#818a91;color:#fff}.elementor-widget-text-editor.elementor-drop-cap-view-framed .elementor-drop-cap{color:#818a91;border:3px solid;background-color:transparent}.elementor-widget-text-editor:not(.elementor-drop-cap-view-default) .elementor-drop-cap{margin-top:8px}.elementor-widget-text-editor:not(.elementor-drop-cap-view-default) .elementor-drop-cap-letter{width:1em;height:1em}.elementor-widget-text-editor .elementor-drop-cap{float:left;text-align:center;line-height:1;font-size:50px}.elementor-widget-text-editor .elementor-drop-cap-letter{display:inline-block}<\/style>\t\t\t\t<p>T\u00fcm g\u00fc\u00e7 aral\u0131klar\u0131n\u0131 kapsayan geni\u015f kiralama paketleri, s\u00fcrekli geli\u015fen filosuyla kabinli ve kabinsiz, dizel jenerat\u00f6r setleri, ayd\u0131nlatma kuleleri, y\u00fck bankalar\u0131, mobil jenerat\u00f6r ve hibrit jenerat\u00f6rler talepleriniz do\u011frultusunda \u00f6zel ses seviyeli ile \u00fcr\u00fcnlerin verimli \u00e7al\u0131\u015fmas\u0131 i\u00e7in gerekli olan t\u00fcm ekipmanlar\u0131 ve teknik deste\u011fi sa\u011flar.<\/p>\t\t\t\t\t\t<\/div>\n\t\t\t\t<\/div>\n\t\t\t\t<\/div>\n\t\t<div class=\"elementor-element elementor-element-152b779 e-con-full lakit-col-width-auto-no e-container e-con\" data-id=\"152b779\" data-element_type=\"container\" data-settings=\"{&quot;content_width&quot;:&quot;full&quot;}\">\n\t\t\t\t<div class=\"elementor-element elementor-element-12e1edc elementor-widget elementor-widget-image\" data-id=\"12e1edc\" data-element_type=\"widget\" data-widget_type=\"image.default\">\n\t\t\t\t<div class=\"elementor-widget-container\">\n\t\t\t<style>\/*! elementor - v3.11.2 - 22-02-2023 *\/\n.elementor-widget-image{text-align:center}.elementor-widget-image a{display:inline-block}.elementor-widget-image a img[src$=\".svg\"]{width:48px}.elementor-widget-image img{vertical-align:middle;display:inline-block}<\/style>\t\t\t\t\t\t\t\t\t\t\t\t<img loading=\"lazy\" decoding=\"async\" width=\"1024\" height=\"693\" src=\"https:\/\/imc.gen.tr\/wp-content\/uploads\/2023\/03\/imc-jenarator-kiralama-3-1-1024x693-1.jpg\" class=\"attachment-large size-large wp-image-131\" alt=\"\" srcset=\"https:\/\/imc.gen.tr\/wp-content\/uploads\/2023\/03\/imc-jenarator-kiralama-3-1-1024x693-1.jpg 1024w, https:\/\/imc.gen.tr\/wp-content\/uploads\/2023\/03\/imc-jenarator-kiralama-3-1-1024x693-1-300x203.jpg 300w, https:\/\/imc.gen.tr\/wp-content\/uploads\/2023\/03\/imc-jenarator-kiralama-3-1-1024x693-1-768x520.jpg 768w\" sizes=\"auto, (max-width: 1024px) 100vw, 1024px\" \/>\t\t\t\t\t\t\t\t\t\t\t\t\t\t\t<\/div>\n\t\t\t\t<\/div>\n\t\t\t\t<\/div>\n\t\t<div class=\"elementor-element elementor-element-e32a8d6 e-con-full lakit-col-width-auto-no e-container e-con\" data-id=\"e32a8d6\" data-element_type=\"container\" data-settings=\"{&quot;content_width&quot;:&quot;full&quot;}\">\n\t\t\t\t<div class=\"elementor-element elementor-element-c7e0e88 elementor-hidden-mobile elementor-widget elementor-widget-image\" data-id=\"c7e0e88\" data-element_type=\"widget\" data-widget_type=\"image.default\">\n\t\t\t\t<div class=\"elementor-widget-container\">\n\t\t\t\t\t\t\t\t\t\t\t\t\t\t\t<img loading=\"lazy\" decoding=\"async\" width=\"1024\" height=\"684\" src=\"https:\/\/imc.gen.tr\/wp-content\/uploads\/2023\/03\/imc-4-1024x684-1.jpg\" class=\"attachment-large size-large wp-image-130\" alt=\"\" srcset=\"https:\/\/imc.gen.tr\/wp-content\/uploads\/2023\/03\/imc-4-1024x684-1.jpg 1024w, https:\/\/imc.gen.tr\/wp-content\/uploads\/2023\/03\/imc-4-1024x684-1-300x200.jpg 300w, https:\/\/imc.gen.tr\/wp-content\/uploads\/2023\/03\/imc-4-1024x684-1-768x513.jpg 768w\" sizes=\"auto, (max-width: 1024px) 100vw, 1024px\" \/>\t\t\t\t\t\t\t\t\t\t\t\t\t\t\t<\/div>\n\t\t\t\t<\/div>\n\t\t\t\t<\/div>\n\t\t<div class=\"elementor-element elementor-element-974674c e-con-full lakit-col-width-auto-no e-container e-con\" data-id=\"974674c\" data-element_type=\"container\" data-settings=\"{&quot;content_width&quot;:&quot;full&quot;,&quot;background_background&quot;:&quot;classic&quot;}\">\n\t\t\t\t<div class=\"elementor-element elementor-element-0a2aafc elementor-widget elementor-widget-text-editor\" data-id=\"0a2aafc\" data-element_type=\"widget\" data-widget_type=\"text-editor.default\">\n\t\t\t\t<div class=\"elementor-widget-container\">\n\t\t\t\t\t\t\t<p><strong>Sonsuz Enerjiyi Hisset<\/strong><\/p><p>IMC Jenerat\u00f6r; 2500 kva\u2019ya kadar Dizel Motorlu Jenerat\u00f6r Setleri \u00fcreterek, m\u00fc\u015fteri ihtiya\u00e7lar\u0131, ihtiya\u00e7 analizleri ve uygun \u00fcr\u00fcn kampanyalar\u0131 ile kullan\u0131c\u0131lar\u0131na en do\u011fru \u00fcr\u00fcn\u00fc sunmay\u0131 ve teslim etmeyi hedefler. \u00c7\u00fcnk\u00fc bizler; yaln\u0131zca enerji \u00fcreten bir tak\u0131m olmaktan \u00e7ok bir \u201cenerji \u00e7\u00f6z\u00fcm orta\u011f\u0131y\u0131z\u201d.<\/p>\t\t\t\t\t\t<\/div>\n\t\t\t\t<\/div>\n\t\t\t\t<div class=\"elementor-element elementor-element-97ff4ea elementor-hidden-desktop elementor-hidden-laptop elementor-hidden-tablet elementor-hidden-mobile_extra elementor-widget elementor-widget-image\" data-id=\"97ff4ea\" data-element_type=\"widget\" data-widget_type=\"image.default\">\n\t\t\t\t<div class=\"elementor-widget-container\">\n\t\t\t\t\t\t\t\t\t\t\t\t\t\t\t<img loading=\"lazy\" decoding=\"async\" width=\"1024\" height=\"684\" src=\"https:\/\/imc.gen.tr\/wp-content\/uploads\/2023\/03\/imc-4-1024x684-1.jpg\" class=\"attachment-large size-large wp-image-130\" alt=\"\" srcset=\"https:\/\/imc.gen.tr\/wp-content\/uploads\/2023\/03\/imc-4-1024x684-1.jpg 1024w, https:\/\/imc.gen.tr\/wp-content\/uploads\/2023\/03\/imc-4-1024x684-1-300x200.jpg 300w, https:\/\/imc.gen.tr\/wp-content\/uploads\/2023\/03\/imc-4-1024x684-1-768x513.jpg 768w\" sizes=\"auto, (max-width: 1024px) 100vw, 1024px\" \/>\t\t\t\t\t\t\t\t\t\t\t\t\t\t\t<\/div>\n\t\t\t\t<\/div>\n\t\t\t\t<\/div>\n\t\t\t\t<\/div>\n\t\t\t\t\t\t\t<\/div>\n\t\t","protected":false},"excerpt":{"rendered":"<p>25 y\u0131l \u00f6nce \u00e7\u0131kt\u0131\u011f\u0131m\u0131z enerji yolculu\u011fumuzda ayn\u0131 heyecan ve istekle yolumuza devam ediyoruz. T\u00fcm g\u00fc\u00e7 aral\u0131klar\u0131n\u0131 kapsayan geni\u015f kiralama paketleri, s\u00fcrekli geli\u015fen filosuyla kabinli ve kabinsiz, dizel jenerat\u00f6r setleri, ayd\u0131nlatma kuleleri, y\u00fck bankalar\u0131, mobil jenerat\u00f6r ve hibrit jenerat\u00f6rler talepleriniz do\u011frultusunda \u00f6zel ses seviyeli ile \u00fcr\u00fcnlerin verimli \u00e7al\u0131\u015fmas\u0131 i\u00e7in gerekli olan t\u00fcm&hellip;<\/p>\n","protected":false},"author":1,"featured_media":0,"parent":0,"menu_order":0,"comment_status":"closed","ping_status":"closed","template":"elementor_header_footer","meta":{"_acf_changed":false,"_joinchat":[],"footnotes":""},"class_list":["post-128","page","type-page","status-publish","hentry"],"acf":[],"yoast_head":"<!-- This site is optimized with the Yoast SEO plugin v23.7 - https:\/\/yoast.com\/wordpress\/plugins\/seo\/ -->\n<title>Jenerat\u00f6r Kiralama | \u0130MC Generators<\/title>\n<meta name=\"description\" content=\"\u0130MC Generators | Jenerat\u00f6r Kiralama | 25 y\u0131l \u00f6nce \u00e7\u0131kt\u0131\u011f\u0131m\u0131z enerji yolculu\u011fumuzda ayn\u0131 heyecan ve istekle yolumuza devam ediyoruz. T\u00fcm g\u00fc\u00e7 aral\u0131klar\u0131n\u0131 kapsayan geni\u015f kiralama paketleri,\" \/>\n<meta name=\"robots\" content=\"index, follow, max-snippet:-1, max-image-preview:large, max-video-preview:-1\" \/>\n<link rel=\"canonical\" href=\"https:\/\/imc.gen.tr\/?page_id=128\" \/>\n<meta property=\"og:locale\" content=\"tr_TR\" \/>\n<meta property=\"og:type\" content=\"article\" \/>\n<meta property=\"og:title\" content=\"Jenerat\u00f6r Kiralama | \u0130MC Generators\" \/>\n<meta property=\"og:description\" content=\"\u0130MC Generators | Jenerat\u00f6r Kiralama | 25 y\u0131l \u00f6nce \u00e7\u0131kt\u0131\u011f\u0131m\u0131z enerji yolculu\u011fumuzda ayn\u0131 heyecan ve istekle yolumuza devam ediyoruz. T\u00fcm g\u00fc\u00e7 aral\u0131klar\u0131n\u0131 kapsayan geni\u015f kiralama paketleri,\" \/>\n<meta property=\"og:url\" content=\"https:\/\/imc.gen.tr\/?page_id=128\" \/>\n<meta property=\"og:site_name\" content=\"\u0130MC Generators\" \/>\n<meta property=\"article:modified_time\" content=\"2023-03-02T14:40:34+00:00\" \/>\n<meta property=\"og:image\" content=\"https:\/\/imc.gen.tr\/wp-content\/uploads\/2023\/03\/imc-jenarator-kiralama-3-1-1024x693-1.jpg\" \/>\n<meta name=\"twitter:card\" content=\"summary_large_image\" \/>\n<meta name=\"twitter:label1\" content=\"Tahmini okuma s\u00fcresi\" \/>\n\t<meta name=\"twitter:data1\" content=\"1 dakika\" \/>\n<script type=\"application\/ld+json\" class=\"yoast-schema-graph\">{\"@context\":\"https:\/\/schema.org\",\"@graph\":[{\"@type\":\"WebPage\",\"@id\":\"https:\/\/imc.gen.tr\/?page_id=128\",\"url\":\"https:\/\/imc.gen.tr\/?page_id=128\",\"name\":\"Jenerat\u00f6r Kiralama | \u0130MC Generators\",\"isPartOf\":{\"@id\":\"https:\/\/imc.gen.tr\/#website\"},\"primaryImageOfPage\":{\"@id\":\"https:\/\/imc.gen.tr\/?page_id=128#primaryimage\"},\"image\":{\"@id\":\"https:\/\/imc.gen.tr\/?page_id=128#primaryimage\"},\"thumbnailUrl\":\"https:\/\/imc.gen.tr\/wp-content\/uploads\/2023\/03\/imc-jenarator-kiralama-3-1-1024x693-1.jpg\",\"datePublished\":\"2023-03-02T14:33:11+00:00\",\"dateModified\":\"2023-03-02T14:40:34+00:00\",\"description\":\"\u0130MC Generators | Jenerat\u00f6r Kiralama | 25 y\u0131l \u00f6nce \u00e7\u0131kt\u0131\u011f\u0131m\u0131z enerji yolculu\u011fumuzda ayn\u0131 heyecan ve istekle yolumuza devam ediyoruz. T\u00fcm g\u00fc\u00e7 aral\u0131klar\u0131n\u0131 kapsayan geni\u015f kiralama paketleri,\",\"breadcrumb\":{\"@id\":\"https:\/\/imc.gen.tr\/?page_id=128#breadcrumb\"},\"inLanguage\":\"tr\",\"potentialAction\":[{\"@type\":\"ReadAction\",\"target\":[\"https:\/\/imc.gen.tr\/?page_id=128\"]}]},{\"@type\":\"ImageObject\",\"inLanguage\":\"tr\",\"@id\":\"https:\/\/imc.gen.tr\/?page_id=128#primaryimage\",\"url\":\"https:\/\/imc.gen.tr\/wp-content\/uploads\/2023\/03\/imc-jenarator-kiralama-3-1-1024x693-1.jpg\",\"contentUrl\":\"https:\/\/imc.gen.tr\/wp-content\/uploads\/2023\/03\/imc-jenarator-kiralama-3-1-1024x693-1.jpg\",\"width\":1024,\"height\":693},{\"@type\":\"BreadcrumbList\",\"@id\":\"https:\/\/imc.gen.tr\/?page_id=128#breadcrumb\",\"itemListElement\":[{\"@type\":\"ListItem\",\"position\":1,\"name\":\"Anasayfa\",\"item\":\"https:\/\/imc.gen.tr\/\"},{\"@type\":\"ListItem\",\"position\":2,\"name\":\"Jenerat\u00f6r Kiralama\"}]},{\"@type\":\"WebSite\",\"@id\":\"https:\/\/imc.gen.tr\/#website\",\"url\":\"https:\/\/imc.gen.tr\/\",\"name\":\"\u0130MC Generators\",\"description\":\"Discover The Energy\",\"publisher\":{\"@id\":\"https:\/\/imc.gen.tr\/#organization\"},\"potentialAction\":[{\"@type\":\"SearchAction\",\"target\":{\"@type\":\"EntryPoint\",\"urlTemplate\":\"https:\/\/imc.gen.tr\/?s={search_term_string}\"},\"query-input\":{\"@type\":\"PropertyValueSpecification\",\"valueRequired\":true,\"valueName\":\"search_term_string\"}}],\"inLanguage\":\"tr\"},{\"@type\":\"Organization\",\"@id\":\"https:\/\/imc.gen.tr\/#organization\",\"name\":\"\u0130MC Generators\",\"url\":\"https:\/\/imc.gen.tr\/\",\"logo\":{\"@type\":\"ImageObject\",\"inLanguage\":\"tr\",\"@id\":\"https:\/\/imc.gen.tr\/#\/schema\/logo\/image\/\",\"url\":\"https:\/\/imc.gen.tr\/wp-content\/uploads\/2023\/03\/imclogo-1.png\",\"contentUrl\":\"https:\/\/imc.gen.tr\/wp-content\/uploads\/2023\/03\/imclogo-1.png\",\"width\":500,\"height\":319,\"caption\":\"\u0130MC Generators\"},\"image\":{\"@id\":\"https:\/\/imc.gen.tr\/#\/schema\/logo\/image\/\"}}]}<\/script>\n<!-- \/ Yoast SEO plugin. -->","yoast_head_json":{"title":"Jenerat\u00f6r Kiralama | \u0130MC Generators","description":"\u0130MC Generators | Jenerat\u00f6r Kiralama | 25 y\u0131l \u00f6nce \u00e7\u0131kt\u0131\u011f\u0131m\u0131z enerji yolculu\u011fumuzda ayn\u0131 heyecan ve istekle yolumuza devam ediyoruz. T\u00fcm g\u00fc\u00e7 aral\u0131klar\u0131n\u0131 kapsayan geni\u015f kiralama paketleri,","robots":{"index":"index","follow":"follow","max-snippet":"max-snippet:-1","max-image-preview":"max-image-preview:large","max-video-preview":"max-video-preview:-1"},"canonical":"https:\/\/imc.gen.tr\/?page_id=128","og_locale":"tr_TR","og_type":"article","og_title":"Jenerat\u00f6r Kiralama | \u0130MC Generators","og_description":"\u0130MC Generators | Jenerat\u00f6r Kiralama | 25 y\u0131l \u00f6nce \u00e7\u0131kt\u0131\u011f\u0131m\u0131z enerji yolculu\u011fumuzda ayn\u0131 heyecan ve istekle yolumuza devam ediyoruz. T\u00fcm g\u00fc\u00e7 aral\u0131klar\u0131n\u0131 kapsayan geni\u015f kiralama paketleri,","og_url":"https:\/\/imc.gen.tr\/?page_id=128","og_site_name":"\u0130MC Generators","article_modified_time":"2023-03-02T14:40:34+00:00","og_image":[{"url":"https:\/\/imc.gen.tr\/wp-content\/uploads\/2023\/03\/imc-jenarator-kiralama-3-1-1024x693-1.jpg"}],"twitter_card":"summary_large_image","twitter_misc":{"Tahmini okuma s\u00fcresi":"1 dakika"},"schema":{"@context":"https:\/\/schema.org","@graph":[{"@type":"WebPage","@id":"https:\/\/imc.gen.tr\/?page_id=128","url":"https:\/\/imc.gen.tr\/?page_id=128","name":"Jenerat\u00f6r Kiralama | \u0130MC Generators","isPartOf":{"@id":"https:\/\/imc.gen.tr\/#website"},"primaryImageOfPage":{"@id":"https:\/\/imc.gen.tr\/?page_id=128#primaryimage"},"image":{"@id":"https:\/\/imc.gen.tr\/?page_id=128#primaryimage"},"thumbnailUrl":"https:\/\/imc.gen.tr\/wp-content\/uploads\/2023\/03\/imc-jenarator-kiralama-3-1-1024x693-1.jpg","datePublished":"2023-03-02T14:33:11+00:00","dateModified":"2023-03-02T14:40:34+00:00","description":"\u0130MC Generators | Jenerat\u00f6r Kiralama | 25 y\u0131l \u00f6nce \u00e7\u0131kt\u0131\u011f\u0131m\u0131z enerji yolculu\u011fumuzda ayn\u0131 heyecan ve istekle yolumuza devam ediyoruz. T\u00fcm g\u00fc\u00e7 aral\u0131klar\u0131n\u0131 kapsayan geni\u015f kiralama paketleri,","breadcrumb":{"@id":"https:\/\/imc.gen.tr\/?page_id=128#breadcrumb"},"inLanguage":"tr","potentialAction":[{"@type":"ReadAction","target":["https:\/\/imc.gen.tr\/?page_id=128"]}]},{"@type":"ImageObject","inLanguage":"tr","@id":"https:\/\/imc.gen.tr\/?page_id=128#primaryimage","url":"https:\/\/imc.gen.tr\/wp-content\/uploads\/2023\/03\/imc-jenarator-kiralama-3-1-1024x693-1.jpg","contentUrl":"https:\/\/imc.gen.tr\/wp-content\/uploads\/2023\/03\/imc-jenarator-kiralama-3-1-1024x693-1.jpg","width":1024,"height":693},{"@type":"BreadcrumbList","@id":"https:\/\/imc.gen.tr\/?page_id=128#breadcrumb","itemListElement":[{"@type":"ListItem","position":1,"name":"Anasayfa","item":"https:\/\/imc.gen.tr\/"},{"@type":"ListItem","position":2,"name":"Jenerat\u00f6r Kiralama"}]},{"@type":"WebSite","@id":"https:\/\/imc.gen.tr\/#website","url":"https:\/\/imc.gen.tr\/","name":"\u0130MC Generators","description":"Discover The Energy","publisher":{"@id":"https:\/\/imc.gen.tr\/#organization"},"potentialAction":[{"@type":"SearchAction","target":{"@type":"EntryPoint","urlTemplate":"https:\/\/imc.gen.tr\/?s={search_term_string}"},"query-input":{"@type":"PropertyValueSpecification","valueRequired":true,"valueName":"search_term_string"}}],"inLanguage":"tr"},{"@type":"Organization","@id":"https:\/\/imc.gen.tr\/#organization","name":"\u0130MC Generators","url":"https:\/\/imc.gen.tr\/","logo":{"@type":"ImageObject","inLanguage":"tr","@id":"https:\/\/imc.gen.tr\/#\/schema\/logo\/image\/","url":"https:\/\/imc.gen.tr\/wp-content\/uploads\/2023\/03\/imclogo-1.png","contentUrl":"https:\/\/imc.gen.tr\/wp-content\/uploads\/2023\/03\/imclogo-1.png","width":500,"height":319,"caption":"\u0130MC Generators"},"image":{"@id":"https:\/\/imc.gen.tr\/#\/schema\/logo\/image\/"}}]}},"_links":{"self":[{"href":"https:\/\/imc.gen.tr\/index.php?rest_route=\/wp\/v2\/pages\/128","targetHints":{"allow":["GET"]}}],"collection":[{"href":"https:\/\/imc.gen.tr\/index.php?rest_route=\/wp\/v2\/pages"}],"about":[{"href":"https:\/\/imc.gen.tr\/index.php?rest_route=\/wp\/v2\/types\/page"}],"author":[{"embeddable":true,"href":"https:\/\/imc.gen.tr\/index.php?rest_route=\/wp\/v2\/users\/1"}],"replies":[{"embeddable":true,"href":"https:\/\/imc.gen.tr\/index.php?rest_route=%2Fwp%2Fv2%2Fcomments&post=128"}],"version-history":[{"count":4,"href":"https:\/\/imc.gen.tr\/index.php?rest_route=\/wp\/v2\/pages\/128\/revisions"}],"predecessor-version":[{"id":134,"href":"https:\/\/imc.gen.tr\/index.php?rest_route=\/wp\/v2\/pages\/128\/revisions\/134"}],"wp:attachment":[{"href":"https:\/\/imc.gen.tr\/index.php?rest_route=%2Fwp%2Fv2%2Fmedia&parent=128"}],"curies":[{"name":"wp","href":"https:\/\/api.w.org\/{rel}","templated":true}]}}