{"id":159,"date":"2023-03-02T15:06:35","date_gmt":"2023-03-02T15:06:35","guid":{"rendered":"https:\/\/imc.gen.tr\/?page_id=159"},"modified":"2023-03-02T15:07:29","modified_gmt":"2023-03-02T15:07:29","slug":"aydinlatma-kulesi","status":"publish","type":"page","link":"https:\/\/imc.gen.tr\/?page_id=159","title":{"rendered":"Ayd\u0131nlatma Kulesi"},"content":{"rendered":"\t\t<div data-elementor-type=\"wp-page\" data-elementor-id=\"159\" class=\"elementor elementor-159\">\n\t\t\t\t\t\t\t<div class=\"elementor-element elementor-element-c6dd6a6 e-con-boxed lakit-col-width-auto-no e-container e-root-container elementor-top-section e-con\" data-id=\"c6dd6a6\" data-element_type=\"container\" data-settings=\"{&quot;content_width&quot;:&quot;boxed&quot;}\">\n\t\t\t\t\t<div class=\"e-con-inner\">\n\t\t\t\t<div class=\"elementor-element elementor-element-39209cb elementor-widget elementor-widget-heading\" data-id=\"39209cb\" data-element_type=\"widget\" data-widget_type=\"heading.default\">\n\t\t\t\t<div class=\"elementor-widget-container\">\n\t\t\t<style>\/*! elementor - v3.11.2 - 22-02-2023 *\/\n.elementor-heading-title{padding:0;margin:0;line-height:1}.elementor-widget-heading .elementor-heading-title[class*=elementor-size-]>a{color:inherit;font-size:inherit;line-height:inherit}.elementor-widget-heading .elementor-heading-title.elementor-size-small{font-size:15px}.elementor-widget-heading .elementor-heading-title.elementor-size-medium{font-size:19px}.elementor-widget-heading .elementor-heading-title.elementor-size-large{font-size:29px}.elementor-widget-heading .elementor-heading-title.elementor-size-xl{font-size:39px}.elementor-widget-heading .elementor-heading-title.elementor-size-xxl{font-size:59px}<\/style><h2 class=\"elementor-heading-title elementor-size-default\">25 y\u0131l \u00f6nce \u00e7\u0131kt\u0131\u011f\u0131m\u0131z enerji yolculu\u011fumuzda ayn\u0131 heyecan ve istekle yolumuza devam ediyoruz.\n\n<\/h2>\t\t<\/div>\n\t\t\t\t<\/div>\n\t\t\t\t\t<\/div>\n\t\t\t\t<\/div>\n\t\t<div class=\"elementor-element elementor-element-0f7c4fb e-con-boxed lakit-col-width-auto-no e-container e-root-container elementor-top-section e-con\" data-id=\"0f7c4fb\" data-element_type=\"container\" data-settings=\"{&quot;content_width&quot;:&quot;boxed&quot;}\">\n\t\t\t\t\t<div class=\"e-con-inner\">\n\t\t<div class=\"elementor-element elementor-element-4839249 e-con-full lakit-col-width-auto-no e-container e-con\" data-id=\"4839249\" data-element_type=\"container\" data-settings=\"{&quot;content_width&quot;:&quot;full&quot;}\">\n\t\t\t\t<div class=\"elementor-element elementor-element-1c4432b elementor-widget elementor-widget-text-editor\" data-id=\"1c4432b\" data-element_type=\"widget\" data-widget_type=\"text-editor.default\">\n\t\t\t\t<div class=\"elementor-widget-container\">\n\t\t\t<style>\/*! elementor - v3.11.2 - 22-02-2023 *\/\n.elementor-widget-text-editor.elementor-drop-cap-view-stacked .elementor-drop-cap{background-color:#818a91;color:#fff}.elementor-widget-text-editor.elementor-drop-cap-view-framed .elementor-drop-cap{color:#818a91;border:3px solid;background-color:transparent}.elementor-widget-text-editor:not(.elementor-drop-cap-view-default) .elementor-drop-cap{margin-top:8px}.elementor-widget-text-editor:not(.elementor-drop-cap-view-default) .elementor-drop-cap-letter{width:1em;height:1em}.elementor-widget-text-editor .elementor-drop-cap{float:left;text-align:center;line-height:1;font-size:50px}.elementor-widget-text-editor .elementor-drop-cap-letter{display:inline-block}<\/style>\t\t\t\t<p>Ayd\u0131nlatma d\u0131\u015f mekan ve \u015fantiye \u00e7al\u0131\u015fmalar\u0131, beton i\u015fleri, yol ve k\u00f6pr\u00fc in\u015faat i\u015fleri, s\u0131k \u015fantiye de\u011fi\u015fikli\u011fi olan d\u0131\u015f mekan \u00e7al\u0131\u015fmalar\u0131 i\u00e7in idealdir.<\/p><p>Ergonomik ve g\u00fcvenli \u00e7al\u0131\u015fma i\u00e7in yenilik\u00e7i makara sistemi ve kendinden kilitlemeli 240\u00b0 d\u00f6nebilen ve uzat\u0131labilir direk bulunur. 2 arka sabit dengeleyici ayak ile desteklenmi\u015ftir.<\/p>\t\t\t\t\t\t<\/div>\n\t\t\t\t<\/div>\n\t\t\t\t<\/div>\n\t\t<div class=\"elementor-element elementor-element-9e74939 e-con-full lakit-col-width-auto-no e-container e-con\" data-id=\"9e74939\" data-element_type=\"container\" data-settings=\"{&quot;content_width&quot;:&quot;full&quot;}\">\n\t\t\t\t<div class=\"elementor-element elementor-element-dd44a0b elementor-widget elementor-widget-image\" data-id=\"dd44a0b\" data-element_type=\"widget\" data-widget_type=\"image.default\">\n\t\t\t\t<div class=\"elementor-widget-container\">\n\t\t\t<style>\/*! elementor - v3.11.2 - 22-02-2023 *\/\n.elementor-widget-image{text-align:center}.elementor-widget-image a{display:inline-block}.elementor-widget-image a img[src$=\".svg\"]{width:48px}.elementor-widget-image img{vertical-align:middle;display:inline-block}<\/style>\t\t\t\t\t\t\t\t\t\t\t\t<img loading=\"lazy\" decoding=\"async\" width=\"800\" height=\"800\" src=\"https:\/\/imc.gen.tr\/wp-content\/uploads\/2023\/03\/jenerator-hibrit.jpg\" class=\"attachment-large size-large wp-image-161\" alt=\"\" srcset=\"https:\/\/imc.gen.tr\/wp-content\/uploads\/2023\/03\/jenerator-hibrit.jpg 800w, https:\/\/imc.gen.tr\/wp-content\/uploads\/2023\/03\/jenerator-hibrit-300x300.jpg 300w, https:\/\/imc.gen.tr\/wp-content\/uploads\/2023\/03\/jenerator-hibrit-100x100.jpg 100w, https:\/\/imc.gen.tr\/wp-content\/uploads\/2023\/03\/jenerator-hibrit-600x600.jpg 600w, https:\/\/imc.gen.tr\/wp-content\/uploads\/2023\/03\/jenerator-hibrit-150x150.jpg 150w, https:\/\/imc.gen.tr\/wp-content\/uploads\/2023\/03\/jenerator-hibrit-768x768.jpg 768w\" sizes=\"auto, (max-width: 800px) 100vw, 800px\" \/>\t\t\t\t\t\t\t\t\t\t\t\t\t\t\t<\/div>\n\t\t\t\t<\/div>\n\t\t\t\t<\/div>\n\t\t\t\t\t<\/div>\n\t\t\t\t<\/div>\n\t\t\t\t\t\t\t<\/div>\n\t\t","protected":false},"excerpt":{"rendered":"<p>25 y\u0131l \u00f6nce \u00e7\u0131kt\u0131\u011f\u0131m\u0131z enerji yolculu\u011fumuzda ayn\u0131 heyecan ve istekle yolumuza devam ediyoruz. Ayd\u0131nlatma d\u0131\u015f mekan ve \u015fantiye \u00e7al\u0131\u015fmalar\u0131, beton i\u015fleri, yol ve k\u00f6pr\u00fc in\u015faat i\u015fleri, s\u0131k \u015fantiye de\u011fi\u015fikli\u011fi olan d\u0131\u015f mekan \u00e7al\u0131\u015fmalar\u0131 i\u00e7in idealdir. Ergonomik ve g\u00fcvenli \u00e7al\u0131\u015fma i\u00e7in yenilik\u00e7i makara sistemi ve kendinden kilitlemeli 240\u00b0 d\u00f6nebilen ve uzat\u0131labilir direk&hellip;<\/p>\n","protected":false},"author":1,"featured_media":0,"parent":0,"menu_order":0,"comment_status":"closed","ping_status":"closed","template":"elementor_header_footer","meta":{"_acf_changed":false,"_joinchat":[],"footnotes":""},"class_list":["post-159","page","type-page","status-publish","hentry"],"acf":[],"yoast_head":"<!-- This site is optimized with the Yoast SEO plugin v23.7 - https:\/\/yoast.com\/wordpress\/plugins\/seo\/ -->\n<title>Ayd\u0131nlatma Kulesi | \u0130MC Generators<\/title>\n<meta name=\"description\" content=\"\u0130MC Generators | Ayd\u0131nlatma Kulesi | 25 y\u0131l \u00f6nce \u00e7\u0131kt\u0131\u011f\u0131m\u0131z enerji yolculu\u011fumuzda ayn\u0131 heyecan ve istekle yolumuza devam ediyoruz. Ayd\u0131nlatma d\u0131\u015f mekan ve \u015fantiye \u00e7al\u0131\u015fmalar\u0131, beton i\u015fleri,\" \/>\n<meta name=\"robots\" content=\"index, follow, max-snippet:-1, max-image-preview:large, max-video-preview:-1\" \/>\n<link rel=\"canonical\" href=\"https:\/\/imc.gen.tr\/?page_id=159\" \/>\n<meta property=\"og:locale\" content=\"tr_TR\" \/>\n<meta property=\"og:type\" content=\"article\" \/>\n<meta property=\"og:title\" content=\"Ayd\u0131nlatma Kulesi | \u0130MC Generators\" \/>\n<meta property=\"og:description\" content=\"\u0130MC Generators | Ayd\u0131nlatma Kulesi | 25 y\u0131l \u00f6nce \u00e7\u0131kt\u0131\u011f\u0131m\u0131z enerji yolculu\u011fumuzda ayn\u0131 heyecan ve istekle yolumuza devam ediyoruz. Ayd\u0131nlatma d\u0131\u015f mekan ve \u015fantiye \u00e7al\u0131\u015fmalar\u0131, beton i\u015fleri,\" \/>\n<meta property=\"og:url\" content=\"https:\/\/imc.gen.tr\/?page_id=159\" \/>\n<meta property=\"og:site_name\" content=\"\u0130MC Generators\" \/>\n<meta property=\"article:modified_time\" content=\"2023-03-02T15:07:29+00:00\" \/>\n<meta property=\"og:image\" content=\"https:\/\/imc.gen.tr\/wp-content\/uploads\/2023\/03\/jenerator-hibrit.jpg\" \/>\n<meta name=\"twitter:card\" content=\"summary_large_image\" \/>\n<script type=\"application\/ld+json\" class=\"yoast-schema-graph\">{\"@context\":\"https:\/\/schema.org\",\"@graph\":[{\"@type\":\"WebPage\",\"@id\":\"https:\/\/imc.gen.tr\/?page_id=159\",\"url\":\"https:\/\/imc.gen.tr\/?page_id=159\",\"name\":\"Ayd\u0131nlatma Kulesi | \u0130MC Generators\",\"isPartOf\":{\"@id\":\"https:\/\/imc.gen.tr\/#website\"},\"primaryImageOfPage\":{\"@id\":\"https:\/\/imc.gen.tr\/?page_id=159#primaryimage\"},\"image\":{\"@id\":\"https:\/\/imc.gen.tr\/?page_id=159#primaryimage\"},\"thumbnailUrl\":\"https:\/\/imc.gen.tr\/wp-content\/uploads\/2023\/03\/jenerator-hibrit.jpg\",\"datePublished\":\"2023-03-02T15:06:35+00:00\",\"dateModified\":\"2023-03-02T15:07:29+00:00\",\"description\":\"\u0130MC Generators | Ayd\u0131nlatma Kulesi | 25 y\u0131l \u00f6nce \u00e7\u0131kt\u0131\u011f\u0131m\u0131z enerji yolculu\u011fumuzda ayn\u0131 heyecan ve istekle yolumuza devam ediyoruz. Ayd\u0131nlatma d\u0131\u015f mekan ve \u015fantiye \u00e7al\u0131\u015fmalar\u0131, beton i\u015fleri,\",\"breadcrumb\":{\"@id\":\"https:\/\/imc.gen.tr\/?page_id=159#breadcrumb\"},\"inLanguage\":\"tr\",\"potentialAction\":[{\"@type\":\"ReadAction\",\"target\":[\"https:\/\/imc.gen.tr\/?page_id=159\"]}]},{\"@type\":\"ImageObject\",\"inLanguage\":\"tr\",\"@id\":\"https:\/\/imc.gen.tr\/?page_id=159#primaryimage\",\"url\":\"https:\/\/imc.gen.tr\/wp-content\/uploads\/2023\/03\/jenerator-hibrit.jpg\",\"contentUrl\":\"https:\/\/imc.gen.tr\/wp-content\/uploads\/2023\/03\/jenerator-hibrit.jpg\",\"width\":800,\"height\":800},{\"@type\":\"BreadcrumbList\",\"@id\":\"https:\/\/imc.gen.tr\/?page_id=159#breadcrumb\",\"itemListElement\":[{\"@type\":\"ListItem\",\"position\":1,\"name\":\"Anasayfa\",\"item\":\"https:\/\/imc.gen.tr\/\"},{\"@type\":\"ListItem\",\"position\":2,\"name\":\"Ayd\u0131nlatma Kulesi\"}]},{\"@type\":\"WebSite\",\"@id\":\"https:\/\/imc.gen.tr\/#website\",\"url\":\"https:\/\/imc.gen.tr\/\",\"name\":\"\u0130MC Generators\",\"description\":\"Discover The Energy\",\"publisher\":{\"@id\":\"https:\/\/imc.gen.tr\/#organization\"},\"potentialAction\":[{\"@type\":\"SearchAction\",\"target\":{\"@type\":\"EntryPoint\",\"urlTemplate\":\"https:\/\/imc.gen.tr\/?s={search_term_string}\"},\"query-input\":{\"@type\":\"PropertyValueSpecification\",\"valueRequired\":true,\"valueName\":\"search_term_string\"}}],\"inLanguage\":\"tr\"},{\"@type\":\"Organization\",\"@id\":\"https:\/\/imc.gen.tr\/#organization\",\"name\":\"\u0130MC Generators\",\"url\":\"https:\/\/imc.gen.tr\/\",\"logo\":{\"@type\":\"ImageObject\",\"inLanguage\":\"tr\",\"@id\":\"https:\/\/imc.gen.tr\/#\/schema\/logo\/image\/\",\"url\":\"https:\/\/imc.gen.tr\/wp-content\/uploads\/2023\/03\/imclogo-1.png\",\"contentUrl\":\"https:\/\/imc.gen.tr\/wp-content\/uploads\/2023\/03\/imclogo-1.png\",\"width\":500,\"height\":319,\"caption\":\"\u0130MC Generators\"},\"image\":{\"@id\":\"https:\/\/imc.gen.tr\/#\/schema\/logo\/image\/\"}}]}<\/script>\n<!-- \/ Yoast SEO plugin. -->","yoast_head_json":{"title":"Ayd\u0131nlatma Kulesi | \u0130MC Generators","description":"\u0130MC Generators | Ayd\u0131nlatma Kulesi | 25 y\u0131l \u00f6nce \u00e7\u0131kt\u0131\u011f\u0131m\u0131z enerji yolculu\u011fumuzda ayn\u0131 heyecan ve istekle yolumuza devam ediyoruz. Ayd\u0131nlatma d\u0131\u015f mekan ve \u015fantiye \u00e7al\u0131\u015fmalar\u0131, beton i\u015fleri,","robots":{"index":"index","follow":"follow","max-snippet":"max-snippet:-1","max-image-preview":"max-image-preview:large","max-video-preview":"max-video-preview:-1"},"canonical":"https:\/\/imc.gen.tr\/?page_id=159","og_locale":"tr_TR","og_type":"article","og_title":"Ayd\u0131nlatma Kulesi | \u0130MC Generators","og_description":"\u0130MC Generators | Ayd\u0131nlatma Kulesi | 25 y\u0131l \u00f6nce \u00e7\u0131kt\u0131\u011f\u0131m\u0131z enerji yolculu\u011fumuzda ayn\u0131 heyecan ve istekle yolumuza devam ediyoruz. Ayd\u0131nlatma d\u0131\u015f mekan ve \u015fantiye \u00e7al\u0131\u015fmalar\u0131, beton i\u015fleri,","og_url":"https:\/\/imc.gen.tr\/?page_id=159","og_site_name":"\u0130MC Generators","article_modified_time":"2023-03-02T15:07:29+00:00","og_image":[{"url":"https:\/\/imc.gen.tr\/wp-content\/uploads\/2023\/03\/jenerator-hibrit.jpg"}],"twitter_card":"summary_large_image","schema":{"@context":"https:\/\/schema.org","@graph":[{"@type":"WebPage","@id":"https:\/\/imc.gen.tr\/?page_id=159","url":"https:\/\/imc.gen.tr\/?page_id=159","name":"Ayd\u0131nlatma Kulesi | \u0130MC Generators","isPartOf":{"@id":"https:\/\/imc.gen.tr\/#website"},"primaryImageOfPage":{"@id":"https:\/\/imc.gen.tr\/?page_id=159#primaryimage"},"image":{"@id":"https:\/\/imc.gen.tr\/?page_id=159#primaryimage"},"thumbnailUrl":"https:\/\/imc.gen.tr\/wp-content\/uploads\/2023\/03\/jenerator-hibrit.jpg","datePublished":"2023-03-02T15:06:35+00:00","dateModified":"2023-03-02T15:07:29+00:00","description":"\u0130MC Generators | Ayd\u0131nlatma Kulesi | 25 y\u0131l \u00f6nce \u00e7\u0131kt\u0131\u011f\u0131m\u0131z enerji yolculu\u011fumuzda ayn\u0131 heyecan ve istekle yolumuza devam ediyoruz. Ayd\u0131nlatma d\u0131\u015f mekan ve \u015fantiye \u00e7al\u0131\u015fmalar\u0131, beton i\u015fleri,","breadcrumb":{"@id":"https:\/\/imc.gen.tr\/?page_id=159#breadcrumb"},"inLanguage":"tr","potentialAction":[{"@type":"ReadAction","target":["https:\/\/imc.gen.tr\/?page_id=159"]}]},{"@type":"ImageObject","inLanguage":"tr","@id":"https:\/\/imc.gen.tr\/?page_id=159#primaryimage","url":"https:\/\/imc.gen.tr\/wp-content\/uploads\/2023\/03\/jenerator-hibrit.jpg","contentUrl":"https:\/\/imc.gen.tr\/wp-content\/uploads\/2023\/03\/jenerator-hibrit.jpg","width":800,"height":800},{"@type":"BreadcrumbList","@id":"https:\/\/imc.gen.tr\/?page_id=159#breadcrumb","itemListElement":[{"@type":"ListItem","position":1,"name":"Anasayfa","item":"https:\/\/imc.gen.tr\/"},{"@type":"ListItem","position":2,"name":"Ayd\u0131nlatma Kulesi"}]},{"@type":"WebSite","@id":"https:\/\/imc.gen.tr\/#website","url":"https:\/\/imc.gen.tr\/","name":"\u0130MC Generators","description":"Discover The Energy","publisher":{"@id":"https:\/\/imc.gen.tr\/#organization"},"potentialAction":[{"@type":"SearchAction","target":{"@type":"EntryPoint","urlTemplate":"https:\/\/imc.gen.tr\/?s={search_term_string}"},"query-input":{"@type":"PropertyValueSpecification","valueRequired":true,"valueName":"search_term_string"}}],"inLanguage":"tr"},{"@type":"Organization","@id":"https:\/\/imc.gen.tr\/#organization","name":"\u0130MC Generators","url":"https:\/\/imc.gen.tr\/","logo":{"@type":"ImageObject","inLanguage":"tr","@id":"https:\/\/imc.gen.tr\/#\/schema\/logo\/image\/","url":"https:\/\/imc.gen.tr\/wp-content\/uploads\/2023\/03\/imclogo-1.png","contentUrl":"https:\/\/imc.gen.tr\/wp-content\/uploads\/2023\/03\/imclogo-1.png","width":500,"height":319,"caption":"\u0130MC Generators"},"image":{"@id":"https:\/\/imc.gen.tr\/#\/schema\/logo\/image\/"}}]}},"_links":{"self":[{"href":"https:\/\/imc.gen.tr\/index.php?rest_route=\/wp\/v2\/pages\/159","targetHints":{"allow":["GET"]}}],"collection":[{"href":"https:\/\/imc.gen.tr\/index.php?rest_route=\/wp\/v2\/pages"}],"about":[{"href":"https:\/\/imc.gen.tr\/index.php?rest_route=\/wp\/v2\/types\/page"}],"author":[{"embeddable":true,"href":"https:\/\/imc.gen.tr\/index.php?rest_route=\/wp\/v2\/users\/1"}],"replies":[{"embeddable":true,"href":"https:\/\/imc.gen.tr\/index.php?rest_route=%2Fwp%2Fv2%2Fcomments&post=159"}],"version-history":[{"count":4,"href":"https:\/\/imc.gen.tr\/index.php?rest_route=\/wp\/v2\/pages\/159\/revisions"}],"predecessor-version":[{"id":164,"href":"https:\/\/imc.gen.tr\/index.php?rest_route=\/wp\/v2\/pages\/159\/revisions\/164"}],"wp:attachment":[{"href":"https:\/\/imc.gen.tr\/index.php?rest_route=%2Fwp%2Fv2%2Fmedia&parent=159"}],"curies":[{"name":"wp","href":"https:\/\/api.w.org\/{rel}","templated":true}]}}