{"id":250,"date":"2023-03-03T10:04:08","date_gmt":"2023-03-03T10:04:08","guid":{"rendered":"https:\/\/imc.gen.tr\/?page_id=250"},"modified":"2023-03-03T10:06:41","modified_gmt":"2023-03-03T10:06:41","slug":"hibrit-jenerator","status":"publish","type":"page","link":"https:\/\/imc.gen.tr\/?page_id=250","title":{"rendered":"Hibrit Jenerat\u00f6r"},"content":{"rendered":"\t\t<div data-elementor-type=\"wp-page\" data-elementor-id=\"250\" class=\"elementor elementor-250\">\n\t\t\t\t\t\t\t<div class=\"elementor-element elementor-element-574d458 e-con-boxed lakit-col-width-auto-no e-container e-root-container elementor-top-section e-con\" data-id=\"574d458\" data-element_type=\"container\" data-settings=\"{&quot;content_width&quot;:&quot;boxed&quot;}\">\n\t\t\t\t\t<div class=\"e-con-inner\">\n\t\t\t\t<div class=\"elementor-element elementor-element-2ed107e elementor-widget elementor-widget-heading\" data-id=\"2ed107e\" data-element_type=\"widget\" data-widget_type=\"heading.default\">\n\t\t\t\t<div class=\"elementor-widget-container\">\n\t\t\t<style>\/*! elementor - v3.11.2 - 22-02-2023 *\/\n.elementor-heading-title{padding:0;margin:0;line-height:1}.elementor-widget-heading .elementor-heading-title[class*=elementor-size-]>a{color:inherit;font-size:inherit;line-height:inherit}.elementor-widget-heading .elementor-heading-title.elementor-size-small{font-size:15px}.elementor-widget-heading .elementor-heading-title.elementor-size-medium{font-size:19px}.elementor-widget-heading .elementor-heading-title.elementor-size-large{font-size:29px}.elementor-widget-heading .elementor-heading-title.elementor-size-xl{font-size:39px}.elementor-widget-heading .elementor-heading-title.elementor-size-xxl{font-size:59px}<\/style><h2 class=\"elementor-heading-title elementor-size-default\">25 y\u0131l \u00f6nce \u00e7\u0131kt\u0131\u011f\u0131m\u0131z enerji yolculu\u011fumuzda ayn\u0131 heyecan ve istekle yolumuza devam ediyoruz.\n\n<\/h2>\t\t<\/div>\n\t\t\t\t<\/div>\n\t\t\t\t\t<\/div>\n\t\t\t\t<\/div>\n\t\t<div class=\"elementor-element elementor-element-2dd13f1 e-con-full lakit-col-width-auto-no e-container e-root-container elementor-top-section e-con\" data-id=\"2dd13f1\" data-element_type=\"container\" data-settings=\"{&quot;content_width&quot;:&quot;full&quot;}\">\n\t\t<div class=\"elementor-element elementor-element-bfa8c77 e-con-full lakit-col-width-auto-no e-container e-con\" data-id=\"bfa8c77\" data-element_type=\"container\" data-settings=\"{&quot;content_width&quot;:&quot;full&quot;}\">\n\t\t\t\t<div class=\"elementor-element elementor-element-74ca862 elementor-widget elementor-widget-image\" data-id=\"74ca862\" data-element_type=\"widget\" data-widget_type=\"image.default\">\n\t\t\t\t<div class=\"elementor-widget-container\">\n\t\t\t<style>\/*! elementor - v3.11.2 - 22-02-2023 *\/\n.elementor-widget-image{text-align:center}.elementor-widget-image a{display:inline-block}.elementor-widget-image a img[src$=\".svg\"]{width:48px}.elementor-widget-image img{vertical-align:middle;display:inline-block}<\/style>\t\t\t\t\t\t\t\t\t\t\t\t<img loading=\"lazy\" decoding=\"async\" width=\"800\" height=\"800\" src=\"https:\/\/imc.gen.tr\/wp-content\/uploads\/2023\/03\/11-1.jpg\" class=\"attachment-large size-large wp-image-252\" alt=\"\" srcset=\"https:\/\/imc.gen.tr\/wp-content\/uploads\/2023\/03\/11-1.jpg 800w, https:\/\/imc.gen.tr\/wp-content\/uploads\/2023\/03\/11-1-300x300.jpg 300w, https:\/\/imc.gen.tr\/wp-content\/uploads\/2023\/03\/11-1-150x150.jpg 150w, https:\/\/imc.gen.tr\/wp-content\/uploads\/2023\/03\/11-1-768x768.jpg 768w, https:\/\/imc.gen.tr\/wp-content\/uploads\/2023\/03\/11-1-600x600.jpg 600w, https:\/\/imc.gen.tr\/wp-content\/uploads\/2023\/03\/11-1-100x100.jpg 100w\" sizes=\"auto, (max-width: 800px) 100vw, 800px\" \/>\t\t\t\t\t\t\t\t\t\t\t\t\t\t\t<\/div>\n\t\t\t\t<\/div>\n\t\t\t\t<\/div>\n\t\t<div class=\"elementor-element elementor-element-c846f6b e-con-full lakit-col-width-auto-no e-container e-con\" data-id=\"c846f6b\" data-element_type=\"container\" data-settings=\"{&quot;content_width&quot;:&quot;full&quot;}\">\n\t\t\t\t<div class=\"elementor-element elementor-element-6b31ccc elementor-widget elementor-widget-text-editor\" data-id=\"6b31ccc\" data-element_type=\"widget\" data-widget_type=\"text-editor.default\">\n\t\t\t\t<div class=\"elementor-widget-container\">\n\t\t\t<style>\/*! elementor - v3.11.2 - 22-02-2023 *\/\n.elementor-widget-text-editor.elementor-drop-cap-view-stacked .elementor-drop-cap{background-color:#818a91;color:#fff}.elementor-widget-text-editor.elementor-drop-cap-view-framed .elementor-drop-cap{color:#818a91;border:3px solid;background-color:transparent}.elementor-widget-text-editor:not(.elementor-drop-cap-view-default) .elementor-drop-cap{margin-top:8px}.elementor-widget-text-editor:not(.elementor-drop-cap-view-default) .elementor-drop-cap-letter{width:1em;height:1em}.elementor-widget-text-editor .elementor-drop-cap{float:left;text-align:center;line-height:1;font-size:50px}.elementor-widget-text-editor .elementor-drop-cap-letter{display:inline-block}<\/style>\t\t\t\t<p>Hibrit jenerat\u00f6r, yenilenebilir enerji kaynaklar\u0131n\u0131n di\u011fer jenerat\u00f6r sistemleri ile birlikte ve g\u00fcn\u00fcm\u00fcz teknolojisine uygun olarak kullan\u0131ld\u0131\u011f\u0131 ekonomik, verimli ve \u00e7evre dostu bir jenerat\u00f6r sistemidir.<\/p><p>Ergonomik ve g\u00fcvenli \u00e7al\u0131\u015fma i\u00e7in yenilik\u00e7i makara sistemi bulunmaktad\u0131r. Jenerat\u00f6rde yenilik\u00e7i kendinden kilitlemeli 240\u00b0 d\u00f6nebilen direk, 2 arka sabit stabilizasyon aya\u011f\u0131 ve uzat\u0131labilir teleskopik direk bulunmaktad\u0131r.<\/p>\t\t\t\t\t\t<\/div>\n\t\t\t\t<\/div>\n\t\t\t\t<\/div>\n\t\t\t\t<\/div>\n\t\t\t\t\t\t\t<\/div>\n\t\t","protected":false},"excerpt":{"rendered":"<p>25 y\u0131l \u00f6nce \u00e7\u0131kt\u0131\u011f\u0131m\u0131z enerji yolculu\u011fumuzda ayn\u0131 heyecan ve istekle yolumuza devam ediyoruz. Hibrit jenerat\u00f6r, yenilenebilir enerji kaynaklar\u0131n\u0131n di\u011fer jenerat\u00f6r sistemleri ile birlikte ve g\u00fcn\u00fcm\u00fcz teknolojisine uygun olarak kullan\u0131ld\u0131\u011f\u0131 ekonomik, verimli ve \u00e7evre dostu bir jenerat\u00f6r sistemidir. Ergonomik ve g\u00fcvenli \u00e7al\u0131\u015fma i\u00e7in yenilik\u00e7i makara sistemi bulunmaktad\u0131r. Jenerat\u00f6rde yenilik\u00e7i kendinden kilitlemeli 240\u00b0&hellip;<\/p>\n","protected":false},"author":1,"featured_media":0,"parent":0,"menu_order":0,"comment_status":"closed","ping_status":"closed","template":"elementor_header_footer","meta":{"_acf_changed":false,"_joinchat":[],"footnotes":""},"class_list":["post-250","page","type-page","status-publish","hentry"],"acf":[],"yoast_head":"<!-- This site is optimized with the Yoast SEO plugin v23.7 - https:\/\/yoast.com\/wordpress\/plugins\/seo\/ -->\n<title>Hibrit Jenerat\u00f6r | \u0130MC Generators<\/title>\n<meta name=\"description\" content=\"\u0130MC Generators | Hibrit Jenerat\u00f6r | 25 y\u0131l \u00f6nce \u00e7\u0131kt\u0131\u011f\u0131m\u0131z enerji yolculu\u011fumuzda ayn\u0131 heyecan ve istekle yolumuza devam ediyoruz. Hibrit jenerat\u00f6r, yenilenebilir enerji kaynaklar\u0131n\u0131n di\u011fer\" \/>\n<meta name=\"robots\" content=\"index, follow, max-snippet:-1, max-image-preview:large, max-video-preview:-1\" \/>\n<link rel=\"canonical\" href=\"https:\/\/imc.gen.tr\/?page_id=250\" \/>\n<meta property=\"og:locale\" content=\"tr_TR\" \/>\n<meta property=\"og:type\" content=\"article\" \/>\n<meta property=\"og:title\" content=\"Hibrit Jenerat\u00f6r | \u0130MC Generators\" \/>\n<meta property=\"og:description\" content=\"\u0130MC Generators | Hibrit Jenerat\u00f6r | 25 y\u0131l \u00f6nce \u00e7\u0131kt\u0131\u011f\u0131m\u0131z enerji yolculu\u011fumuzda ayn\u0131 heyecan ve istekle yolumuza devam ediyoruz. Hibrit jenerat\u00f6r, yenilenebilir enerji kaynaklar\u0131n\u0131n di\u011fer\" \/>\n<meta property=\"og:url\" content=\"https:\/\/imc.gen.tr\/?page_id=250\" \/>\n<meta property=\"og:site_name\" content=\"\u0130MC Generators\" \/>\n<meta property=\"article:modified_time\" content=\"2023-03-03T10:06:41+00:00\" \/>\n<meta property=\"og:image\" content=\"https:\/\/imc.gen.tr\/wp-content\/uploads\/2023\/03\/11-1.jpg\" \/>\n<meta name=\"twitter:card\" content=\"summary_large_image\" \/>\n<script type=\"application\/ld+json\" class=\"yoast-schema-graph\">{\"@context\":\"https:\/\/schema.org\",\"@graph\":[{\"@type\":\"WebPage\",\"@id\":\"https:\/\/imc.gen.tr\/?page_id=250\",\"url\":\"https:\/\/imc.gen.tr\/?page_id=250\",\"name\":\"Hibrit Jenerat\u00f6r | \u0130MC Generators\",\"isPartOf\":{\"@id\":\"https:\/\/imc.gen.tr\/#website\"},\"primaryImageOfPage\":{\"@id\":\"https:\/\/imc.gen.tr\/?page_id=250#primaryimage\"},\"image\":{\"@id\":\"https:\/\/imc.gen.tr\/?page_id=250#primaryimage\"},\"thumbnailUrl\":\"https:\/\/imc.gen.tr\/wp-content\/uploads\/2023\/03\/11-1.jpg\",\"datePublished\":\"2023-03-03T10:04:08+00:00\",\"dateModified\":\"2023-03-03T10:06:41+00:00\",\"description\":\"\u0130MC Generators | Hibrit Jenerat\u00f6r | 25 y\u0131l \u00f6nce \u00e7\u0131kt\u0131\u011f\u0131m\u0131z enerji yolculu\u011fumuzda ayn\u0131 heyecan ve istekle yolumuza devam ediyoruz. Hibrit jenerat\u00f6r, yenilenebilir enerji kaynaklar\u0131n\u0131n di\u011fer\",\"breadcrumb\":{\"@id\":\"https:\/\/imc.gen.tr\/?page_id=250#breadcrumb\"},\"inLanguage\":\"tr\",\"potentialAction\":[{\"@type\":\"ReadAction\",\"target\":[\"https:\/\/imc.gen.tr\/?page_id=250\"]}]},{\"@type\":\"ImageObject\",\"inLanguage\":\"tr\",\"@id\":\"https:\/\/imc.gen.tr\/?page_id=250#primaryimage\",\"url\":\"https:\/\/imc.gen.tr\/wp-content\/uploads\/2023\/03\/11-1.jpg\",\"contentUrl\":\"https:\/\/imc.gen.tr\/wp-content\/uploads\/2023\/03\/11-1.jpg\",\"width\":800,\"height\":800},{\"@type\":\"BreadcrumbList\",\"@id\":\"https:\/\/imc.gen.tr\/?page_id=250#breadcrumb\",\"itemListElement\":[{\"@type\":\"ListItem\",\"position\":1,\"name\":\"Anasayfa\",\"item\":\"https:\/\/imc.gen.tr\/\"},{\"@type\":\"ListItem\",\"position\":2,\"name\":\"Hibrit Jenerat\u00f6r\"}]},{\"@type\":\"WebSite\",\"@id\":\"https:\/\/imc.gen.tr\/#website\",\"url\":\"https:\/\/imc.gen.tr\/\",\"name\":\"\u0130MC Generators\",\"description\":\"Discover The Energy\",\"publisher\":{\"@id\":\"https:\/\/imc.gen.tr\/#organization\"},\"potentialAction\":[{\"@type\":\"SearchAction\",\"target\":{\"@type\":\"EntryPoint\",\"urlTemplate\":\"https:\/\/imc.gen.tr\/?s={search_term_string}\"},\"query-input\":{\"@type\":\"PropertyValueSpecification\",\"valueRequired\":true,\"valueName\":\"search_term_string\"}}],\"inLanguage\":\"tr\"},{\"@type\":\"Organization\",\"@id\":\"https:\/\/imc.gen.tr\/#organization\",\"name\":\"\u0130MC Generators\",\"url\":\"https:\/\/imc.gen.tr\/\",\"logo\":{\"@type\":\"ImageObject\",\"inLanguage\":\"tr\",\"@id\":\"https:\/\/imc.gen.tr\/#\/schema\/logo\/image\/\",\"url\":\"https:\/\/imc.gen.tr\/wp-content\/uploads\/2023\/03\/imclogo-1.png\",\"contentUrl\":\"https:\/\/imc.gen.tr\/wp-content\/uploads\/2023\/03\/imclogo-1.png\",\"width\":500,\"height\":319,\"caption\":\"\u0130MC Generators\"},\"image\":{\"@id\":\"https:\/\/imc.gen.tr\/#\/schema\/logo\/image\/\"}}]}<\/script>\n<!-- \/ Yoast SEO plugin. -->","yoast_head_json":{"title":"Hibrit Jenerat\u00f6r | \u0130MC Generators","description":"\u0130MC Generators | Hibrit Jenerat\u00f6r | 25 y\u0131l \u00f6nce \u00e7\u0131kt\u0131\u011f\u0131m\u0131z enerji yolculu\u011fumuzda ayn\u0131 heyecan ve istekle yolumuza devam ediyoruz. Hibrit jenerat\u00f6r, yenilenebilir enerji kaynaklar\u0131n\u0131n di\u011fer","robots":{"index":"index","follow":"follow","max-snippet":"max-snippet:-1","max-image-preview":"max-image-preview:large","max-video-preview":"max-video-preview:-1"},"canonical":"https:\/\/imc.gen.tr\/?page_id=250","og_locale":"tr_TR","og_type":"article","og_title":"Hibrit Jenerat\u00f6r | \u0130MC Generators","og_description":"\u0130MC Generators | Hibrit Jenerat\u00f6r | 25 y\u0131l \u00f6nce \u00e7\u0131kt\u0131\u011f\u0131m\u0131z enerji yolculu\u011fumuzda ayn\u0131 heyecan ve istekle yolumuza devam ediyoruz. Hibrit jenerat\u00f6r, yenilenebilir enerji kaynaklar\u0131n\u0131n di\u011fer","og_url":"https:\/\/imc.gen.tr\/?page_id=250","og_site_name":"\u0130MC Generators","article_modified_time":"2023-03-03T10:06:41+00:00","og_image":[{"url":"https:\/\/imc.gen.tr\/wp-content\/uploads\/2023\/03\/11-1.jpg"}],"twitter_card":"summary_large_image","schema":{"@context":"https:\/\/schema.org","@graph":[{"@type":"WebPage","@id":"https:\/\/imc.gen.tr\/?page_id=250","url":"https:\/\/imc.gen.tr\/?page_id=250","name":"Hibrit Jenerat\u00f6r | \u0130MC Generators","isPartOf":{"@id":"https:\/\/imc.gen.tr\/#website"},"primaryImageOfPage":{"@id":"https:\/\/imc.gen.tr\/?page_id=250#primaryimage"},"image":{"@id":"https:\/\/imc.gen.tr\/?page_id=250#primaryimage"},"thumbnailUrl":"https:\/\/imc.gen.tr\/wp-content\/uploads\/2023\/03\/11-1.jpg","datePublished":"2023-03-03T10:04:08+00:00","dateModified":"2023-03-03T10:06:41+00:00","description":"\u0130MC Generators | Hibrit Jenerat\u00f6r | 25 y\u0131l \u00f6nce \u00e7\u0131kt\u0131\u011f\u0131m\u0131z enerji yolculu\u011fumuzda ayn\u0131 heyecan ve istekle yolumuza devam ediyoruz. Hibrit jenerat\u00f6r, yenilenebilir enerji kaynaklar\u0131n\u0131n di\u011fer","breadcrumb":{"@id":"https:\/\/imc.gen.tr\/?page_id=250#breadcrumb"},"inLanguage":"tr","potentialAction":[{"@type":"ReadAction","target":["https:\/\/imc.gen.tr\/?page_id=250"]}]},{"@type":"ImageObject","inLanguage":"tr","@id":"https:\/\/imc.gen.tr\/?page_id=250#primaryimage","url":"https:\/\/imc.gen.tr\/wp-content\/uploads\/2023\/03\/11-1.jpg","contentUrl":"https:\/\/imc.gen.tr\/wp-content\/uploads\/2023\/03\/11-1.jpg","width":800,"height":800},{"@type":"BreadcrumbList","@id":"https:\/\/imc.gen.tr\/?page_id=250#breadcrumb","itemListElement":[{"@type":"ListItem","position":1,"name":"Anasayfa","item":"https:\/\/imc.gen.tr\/"},{"@type":"ListItem","position":2,"name":"Hibrit Jenerat\u00f6r"}]},{"@type":"WebSite","@id":"https:\/\/imc.gen.tr\/#website","url":"https:\/\/imc.gen.tr\/","name":"\u0130MC Generators","description":"Discover The Energy","publisher":{"@id":"https:\/\/imc.gen.tr\/#organization"},"potentialAction":[{"@type":"SearchAction","target":{"@type":"EntryPoint","urlTemplate":"https:\/\/imc.gen.tr\/?s={search_term_string}"},"query-input":{"@type":"PropertyValueSpecification","valueRequired":true,"valueName":"search_term_string"}}],"inLanguage":"tr"},{"@type":"Organization","@id":"https:\/\/imc.gen.tr\/#organization","name":"\u0130MC Generators","url":"https:\/\/imc.gen.tr\/","logo":{"@type":"ImageObject","inLanguage":"tr","@id":"https:\/\/imc.gen.tr\/#\/schema\/logo\/image\/","url":"https:\/\/imc.gen.tr\/wp-content\/uploads\/2023\/03\/imclogo-1.png","contentUrl":"https:\/\/imc.gen.tr\/wp-content\/uploads\/2023\/03\/imclogo-1.png","width":500,"height":319,"caption":"\u0130MC Generators"},"image":{"@id":"https:\/\/imc.gen.tr\/#\/schema\/logo\/image\/"}}]}},"_links":{"self":[{"href":"https:\/\/imc.gen.tr\/index.php?rest_route=\/wp\/v2\/pages\/250","targetHints":{"allow":["GET"]}}],"collection":[{"href":"https:\/\/imc.gen.tr\/index.php?rest_route=\/wp\/v2\/pages"}],"about":[{"href":"https:\/\/imc.gen.tr\/index.php?rest_route=\/wp\/v2\/types\/page"}],"author":[{"embeddable":true,"href":"https:\/\/imc.gen.tr\/index.php?rest_route=\/wp\/v2\/users\/1"}],"replies":[{"embeddable":true,"href":"https:\/\/imc.gen.tr\/index.php?rest_route=%2Fwp%2Fv2%2Fcomments&post=250"}],"version-history":[{"count":7,"href":"https:\/\/imc.gen.tr\/index.php?rest_route=\/wp\/v2\/pages\/250\/revisions"}],"predecessor-version":[{"id":258,"href":"https:\/\/imc.gen.tr\/index.php?rest_route=\/wp\/v2\/pages\/250\/revisions\/258"}],"wp:attachment":[{"href":"https:\/\/imc.gen.tr\/index.php?rest_route=%2Fwp%2Fv2%2Fmedia&parent=250"}],"curies":[{"name":"wp","href":"https:\/\/api.w.org\/{rel}","templated":true}]}}