{"id":828,"date":"2023-03-10T18:31:49","date_gmt":"2023-03-10T18:31:49","guid":{"rendered":"https:\/\/imc.gen.tr\/?post_type=product&#038;p=828"},"modified":"2023-04-10T12:09:05","modified_gmt":"2023-04-10T12:09:05","slug":"kubota-v-3300-bg","status":"publish","type":"product","link":"https:\/\/imc.gen.tr\/?product=kubota-v-3300-bg","title":{"rendered":"Kubota V 3300 BG"},"content":{"rendered":"<p>4 Zamanl\u0131 deniz seyir hizmet tipi<br \/>\nMarin su so\u011futmal\u0131 Dizel Motor<br \/>\nSenkron Tip D\u00f6ner Diyotlu Tek Yatak<br \/>\nMarin \u0130zolasyonlu Alternat\u00f6r<br \/>\n\u00c7elik \u015fase ve Antivibrasyon takozlar\u0131<br \/>\n\u015ease icine entegre yak\u0131t borulama seti<br \/>\nMarin PLC Donan\u0131ml\u0131 Kumanda Panosu<br \/>\nKumanda Panosunda Entegre Ak\u00fc \u015farj redres\u00f6r\u00fc<br \/>\nDeniz Suyu Pompas\u0131 ve Esanj\u00f6r so\u011futma seti<br \/>\nUygun G\u00fc\u00e7te Marin Ak\u00fc Grubu<br \/>\nSessiz Marin Kabin<br \/>\nISO8528 y\u00f6netmelik \u015fartlar\u0131na uygunluk.<br \/>\nISO9001 sertifika \u00f6zelliklerine uygunluk.<br \/>\nCE sertifika \u015fartlar\u0131na uygunluk.<br \/>\n2000\/14\/EC Avrupa g\u00fcr\u00fclt\u00fc y\u00f6netmeli\u011fine uygunluk.<\/p>\n","protected":false},"excerpt":{"rendered":"<p>4 Zamanl\u0131 deniz seyir hizmet tipi Marin su so\u011futmal\u0131 Dizel Motor Senkron Tip D\u00f6ner Diyotlu Tek Yatak Marin \u0130zolasyonlu Alternat\u00f6r \u00c7elik \u015fase ve Antivibrasyon takozlar\u0131 \u015ease icine entegre yak\u0131t borulama seti Marin PLC Donan\u0131ml\u0131 Kumanda Panosu Kumanda Panosunda Entegre Ak\u00fc \u015farj redres\u00f6r\u00fc Deniz Suyu Pompas\u0131 ve Esanj\u00f6r so\u011futma seti Uygun G\u00fc\u00e7te&hellip;<\/p>\n","protected":false},"featured_media":1009,"comment_status":"open","ping_status":"closed","template":"","meta":{"_acf_changed":false,"_joinchat":[]},"product_cat":[62],"product_tag":[],"class_list":{"0":"post-828","1":"product","2":"type-product","3":"status-publish","4":"has-post-thumbnail","6":"product_cat-marin-jenerator","7":"pa_marin-motor-kubota","9":"first","10":"instock","11":"shipping-taxable","12":"product-type-simple"},"acf":[],"yoast_head":"<!-- This site is optimized with the Yoast SEO plugin v23.7 - https:\/\/yoast.com\/wordpress\/plugins\/seo\/ -->\n<title>Kubota V 3300 BG | \u0130MC Generators<\/title>\n<meta name=\"description\" content=\"\u0130MC Generators | Kubota V 3300 BG | 4 Zamanl\u0131 deniz seyir hizmet tipi Marin su so\u011futmal\u0131 Dizel Motor Senkron Tip D\u00f6ner Diyotlu Tek Yatak Marin \u0130zolasyonlu Alternat\u00f6r \u00c7elik \u015fase ve\" \/>\n<meta name=\"robots\" content=\"index, follow, max-snippet:-1, max-image-preview:large, max-video-preview:-1\" \/>\n<link rel=\"canonical\" href=\"https:\/\/imc.gen.tr\/product\/kubota-v-3300-bg\/\" \/>\n<meta property=\"og:locale\" content=\"tr_TR\" \/>\n<meta property=\"og:type\" content=\"article\" \/>\n<meta property=\"og:title\" content=\"Kubota V 3300 BG | \u0130MC Generators\" \/>\n<meta property=\"og:description\" content=\"\u0130MC Generators | Kubota V 3300 BG | 4 Zamanl\u0131 deniz seyir hizmet tipi Marin su so\u011futmal\u0131 Dizel Motor Senkron Tip D\u00f6ner Diyotlu Tek Yatak Marin \u0130zolasyonlu Alternat\u00f6r \u00c7elik \u015fase ve\" \/>\n<meta property=\"og:url\" content=\"https:\/\/imc.gen.tr\/product\/kubota-v-3300-bg\/\" \/>\n<meta property=\"og:site_name\" content=\"\u0130MC Generators\" \/>\n<meta property=\"article:modified_time\" content=\"2023-04-10T12:09:05+00:00\" \/>\n<meta property=\"og:image\" content=\"https:\/\/imc.gen.tr\/wp-content\/uploads\/2023\/03\/2-kapak-2.jpeg\" \/>\n\t<meta property=\"og:image:width\" content=\"1080\" \/>\n\t<meta property=\"og:image:height\" content=\"1080\" \/>\n\t<meta property=\"og:image:type\" content=\"image\/jpeg\" \/>\n<meta name=\"twitter:card\" content=\"summary_large_image\" \/>\n<meta name=\"twitter:label1\" content=\"Tahmini okuma s\u00fcresi\" \/>\n\t<meta name=\"twitter:data1\" content=\"1 dakika\" \/>\n<script type=\"application\/ld+json\" class=\"yoast-schema-graph\">{\"@context\":\"https:\/\/schema.org\",\"@graph\":[{\"@type\":\"WebPage\",\"@id\":\"https:\/\/imc.gen.tr\/product\/kubota-v-3300-bg\/\",\"url\":\"https:\/\/imc.gen.tr\/product\/kubota-v-3300-bg\/\",\"name\":\"Kubota V 3300 BG | \u0130MC Generators\",\"isPartOf\":{\"@id\":\"https:\/\/imc.gen.tr\/#website\"},\"primaryImageOfPage\":{\"@id\":\"https:\/\/imc.gen.tr\/product\/kubota-v-3300-bg\/#primaryimage\"},\"image\":{\"@id\":\"https:\/\/imc.gen.tr\/product\/kubota-v-3300-bg\/#primaryimage\"},\"thumbnailUrl\":\"https:\/\/imc.gen.tr\/wp-content\/uploads\/2023\/03\/2-kapak-2.jpeg\",\"datePublished\":\"2023-03-10T18:31:49+00:00\",\"dateModified\":\"2023-04-10T12:09:05+00:00\",\"description\":\"\u0130MC Generators | Kubota V 3300 BG | 4 Zamanl\u0131 deniz seyir hizmet tipi Marin su so\u011futmal\u0131 Dizel Motor Senkron Tip D\u00f6ner Diyotlu Tek Yatak Marin \u0130zolasyonlu Alternat\u00f6r \u00c7elik \u015fase ve\",\"breadcrumb\":{\"@id\":\"https:\/\/imc.gen.tr\/product\/kubota-v-3300-bg\/#breadcrumb\"},\"inLanguage\":\"tr\",\"potentialAction\":[{\"@type\":\"ReadAction\",\"target\":[\"https:\/\/imc.gen.tr\/product\/kubota-v-3300-bg\/\"]}]},{\"@type\":\"ImageObject\",\"inLanguage\":\"tr\",\"@id\":\"https:\/\/imc.gen.tr\/product\/kubota-v-3300-bg\/#primaryimage\",\"url\":\"https:\/\/imc.gen.tr\/wp-content\/uploads\/2023\/03\/2-kapak-2.jpeg\",\"contentUrl\":\"https:\/\/imc.gen.tr\/wp-content\/uploads\/2023\/03\/2-kapak-2.jpeg\",\"width\":1080,\"height\":1080},{\"@type\":\"BreadcrumbList\",\"@id\":\"https:\/\/imc.gen.tr\/product\/kubota-v-3300-bg\/#breadcrumb\",\"itemListElement\":[{\"@type\":\"ListItem\",\"position\":1,\"name\":\"Anasayfa\",\"item\":\"https:\/\/imc.gen.tr\/\"},{\"@type\":\"ListItem\",\"position\":2,\"name\":\"Shop\",\"item\":\"https:\/\/imc.gen.tr\/?page_id=9\"},{\"@type\":\"ListItem\",\"position\":3,\"name\":\"Kubota V 3300 BG\"}]},{\"@type\":\"WebSite\",\"@id\":\"https:\/\/imc.gen.tr\/#website\",\"url\":\"https:\/\/imc.gen.tr\/\",\"name\":\"\u0130MC Generators\",\"description\":\"Discover The Energy\",\"publisher\":{\"@id\":\"https:\/\/imc.gen.tr\/#organization\"},\"potentialAction\":[{\"@type\":\"SearchAction\",\"target\":{\"@type\":\"EntryPoint\",\"urlTemplate\":\"https:\/\/imc.gen.tr\/?s={search_term_string}\"},\"query-input\":{\"@type\":\"PropertyValueSpecification\",\"valueRequired\":true,\"valueName\":\"search_term_string\"}}],\"inLanguage\":\"tr\"},{\"@type\":\"Organization\",\"@id\":\"https:\/\/imc.gen.tr\/#organization\",\"name\":\"\u0130MC Generators\",\"url\":\"https:\/\/imc.gen.tr\/\",\"logo\":{\"@type\":\"ImageObject\",\"inLanguage\":\"tr\",\"@id\":\"https:\/\/imc.gen.tr\/#\/schema\/logo\/image\/\",\"url\":\"https:\/\/imc.gen.tr\/wp-content\/uploads\/2023\/03\/imclogo-1.png\",\"contentUrl\":\"https:\/\/imc.gen.tr\/wp-content\/uploads\/2023\/03\/imclogo-1.png\",\"width\":500,\"height\":319,\"caption\":\"\u0130MC Generators\"},\"image\":{\"@id\":\"https:\/\/imc.gen.tr\/#\/schema\/logo\/image\/\"}}]}<\/script>\n<!-- \/ Yoast SEO plugin. -->","yoast_head_json":{"title":"Kubota V 3300 BG | \u0130MC Generators","description":"\u0130MC Generators | Kubota V 3300 BG | 4 Zamanl\u0131 deniz seyir hizmet tipi Marin su so\u011futmal\u0131 Dizel Motor Senkron Tip D\u00f6ner Diyotlu Tek Yatak Marin \u0130zolasyonlu Alternat\u00f6r \u00c7elik \u015fase ve","robots":{"index":"index","follow":"follow","max-snippet":"max-snippet:-1","max-image-preview":"max-image-preview:large","max-video-preview":"max-video-preview:-1"},"canonical":"https:\/\/imc.gen.tr\/product\/kubota-v-3300-bg\/","og_locale":"tr_TR","og_type":"article","og_title":"Kubota V 3300 BG | \u0130MC Generators","og_description":"\u0130MC Generators | Kubota V 3300 BG | 4 Zamanl\u0131 deniz seyir hizmet tipi Marin su so\u011futmal\u0131 Dizel Motor Senkron Tip D\u00f6ner Diyotlu Tek Yatak Marin \u0130zolasyonlu Alternat\u00f6r \u00c7elik \u015fase ve","og_url":"https:\/\/imc.gen.tr\/product\/kubota-v-3300-bg\/","og_site_name":"\u0130MC Generators","article_modified_time":"2023-04-10T12:09:05+00:00","og_image":[{"width":1080,"height":1080,"url":"https:\/\/imc.gen.tr\/wp-content\/uploads\/2023\/03\/2-kapak-2.jpeg","type":"image\/jpeg"}],"twitter_card":"summary_large_image","twitter_misc":{"Tahmini okuma s\u00fcresi":"1 dakika"},"schema":{"@context":"https:\/\/schema.org","@graph":[{"@type":"WebPage","@id":"https:\/\/imc.gen.tr\/product\/kubota-v-3300-bg\/","url":"https:\/\/imc.gen.tr\/product\/kubota-v-3300-bg\/","name":"Kubota V 3300 BG | \u0130MC Generators","isPartOf":{"@id":"https:\/\/imc.gen.tr\/#website"},"primaryImageOfPage":{"@id":"https:\/\/imc.gen.tr\/product\/kubota-v-3300-bg\/#primaryimage"},"image":{"@id":"https:\/\/imc.gen.tr\/product\/kubota-v-3300-bg\/#primaryimage"},"thumbnailUrl":"https:\/\/imc.gen.tr\/wp-content\/uploads\/2023\/03\/2-kapak-2.jpeg","datePublished":"2023-03-10T18:31:49+00:00","dateModified":"2023-04-10T12:09:05+00:00","description":"\u0130MC Generators | Kubota V 3300 BG | 4 Zamanl\u0131 deniz seyir hizmet tipi Marin su so\u011futmal\u0131 Dizel Motor Senkron Tip D\u00f6ner Diyotlu Tek Yatak Marin \u0130zolasyonlu Alternat\u00f6r \u00c7elik \u015fase ve","breadcrumb":{"@id":"https:\/\/imc.gen.tr\/product\/kubota-v-3300-bg\/#breadcrumb"},"inLanguage":"tr","potentialAction":[{"@type":"ReadAction","target":["https:\/\/imc.gen.tr\/product\/kubota-v-3300-bg\/"]}]},{"@type":"ImageObject","inLanguage":"tr","@id":"https:\/\/imc.gen.tr\/product\/kubota-v-3300-bg\/#primaryimage","url":"https:\/\/imc.gen.tr\/wp-content\/uploads\/2023\/03\/2-kapak-2.jpeg","contentUrl":"https:\/\/imc.gen.tr\/wp-content\/uploads\/2023\/03\/2-kapak-2.jpeg","width":1080,"height":1080},{"@type":"BreadcrumbList","@id":"https:\/\/imc.gen.tr\/product\/kubota-v-3300-bg\/#breadcrumb","itemListElement":[{"@type":"ListItem","position":1,"name":"Anasayfa","item":"https:\/\/imc.gen.tr\/"},{"@type":"ListItem","position":2,"name":"Shop","item":"https:\/\/imc.gen.tr\/?page_id=9"},{"@type":"ListItem","position":3,"name":"Kubota V 3300 BG"}]},{"@type":"WebSite","@id":"https:\/\/imc.gen.tr\/#website","url":"https:\/\/imc.gen.tr\/","name":"\u0130MC Generators","description":"Discover The Energy","publisher":{"@id":"https:\/\/imc.gen.tr\/#organization"},"potentialAction":[{"@type":"SearchAction","target":{"@type":"EntryPoint","urlTemplate":"https:\/\/imc.gen.tr\/?s={search_term_string}"},"query-input":{"@type":"PropertyValueSpecification","valueRequired":true,"valueName":"search_term_string"}}],"inLanguage":"tr"},{"@type":"Organization","@id":"https:\/\/imc.gen.tr\/#organization","name":"\u0130MC Generators","url":"https:\/\/imc.gen.tr\/","logo":{"@type":"ImageObject","inLanguage":"tr","@id":"https:\/\/imc.gen.tr\/#\/schema\/logo\/image\/","url":"https:\/\/imc.gen.tr\/wp-content\/uploads\/2023\/03\/imclogo-1.png","contentUrl":"https:\/\/imc.gen.tr\/wp-content\/uploads\/2023\/03\/imclogo-1.png","width":500,"height":319,"caption":"\u0130MC Generators"},"image":{"@id":"https:\/\/imc.gen.tr\/#\/schema\/logo\/image\/"}}]}},"_links":{"self":[{"href":"https:\/\/imc.gen.tr\/index.php?rest_route=\/wp\/v2\/product\/828","targetHints":{"allow":["GET"]}}],"collection":[{"href":"https:\/\/imc.gen.tr\/index.php?rest_route=\/wp\/v2\/product"}],"about":[{"href":"https:\/\/imc.gen.tr\/index.php?rest_route=\/wp\/v2\/types\/product"}],"replies":[{"embeddable":true,"href":"https:\/\/imc.gen.tr\/index.php?rest_route=%2Fwp%2Fv2%2Fcomments&post=828"}],"wp:featuredmedia":[{"embeddable":true,"href":"https:\/\/imc.gen.tr\/index.php?rest_route=\/wp\/v2\/media\/1009"}],"wp:attachment":[{"href":"https:\/\/imc.gen.tr\/index.php?rest_route=%2Fwp%2Fv2%2Fmedia&parent=828"}],"wp:term":[{"taxonomy":"product_cat","embeddable":true,"href":"https:\/\/imc.gen.tr\/index.php?rest_route=%2Fwp%2Fv2%2Fproduct_cat&post=828"},{"taxonomy":"product_tag","embeddable":true,"href":"https:\/\/imc.gen.tr\/index.php?rest_route=%2Fwp%2Fv2%2Fproduct_tag&post=828"}],"curies":[{"name":"wp","href":"https:\/\/api.w.org\/{rel}","templated":true}]}}